{"id":13383,"date":"2021-01-17T09:00:19","date_gmt":"2021-01-17T08:00:19","guid":{"rendered":"http:\/\/demo.qodeinteractive.com\/bridge9\/?page_id=13383"},"modified":"2025-12-18T11:53:27","modified_gmt":"2025-12-18T10:53:27","slug":"informatique","status":"publish","type":"page","link":"http:\/\/www.tetedefense.fr\/index.php\/informatique\/","title":{"rendered":"Informatique"},"content":{"rendered":"<p>[vc_row css_animation=\u00a0\u00bb\u00a0\u00bb row_type=\u00a0\u00bbrow\u00a0\u00bb use_row_as_full_screen_section=\u00a0\u00bbno\u00a0\u00bb type=\u00a0\u00bbgrid\u00a0\u00bb angled_section=\u00a0\u00bbno\u00a0\u00bb text_align=\u00a0\u00bbleft\u00a0\u00bb background_image_as_pattern=\u00a0\u00bbwithout_pattern\u00a0\u00bb padding_top=\u00a0\u00bb87&Prime; padding_bottom=\u00a0\u00bb0&Prime; z_index=\u00a0\u00bb\u00a0\u00bb][vc_column][vc_column_text]<\/p>\n<h2 style=\"text-align: center;\">Audit informatique<\/h2>\n<p>[\/vc_column_text][vc_separator type=\u00a0\u00bbsmall\u00a0\u00bb position=\u00a0\u00bbcenter\u00a0\u00bb up=\u00a0\u00bb7&Prime; down=\u00a0\u00bb38&Prime;][vc_column_text]<\/p>\n<h4 style=\"text-align: center;\">L\u2019informatique est aujourd\u2019hui un domaine complexe que les entreprises ne peuvent pas obligatoirement g\u00e9rer en interne.<\/h4>\n<p>[\/vc_column_text][vc_separator type=\u00a0\u00bbtransparent\u00a0\u00bb up=\u00a0\u00bb31&Prime; down=\u00a0\u00bb19&Prime;][vc_row_inner row_type=\u00a0\u00bbrow\u00a0\u00bb type=\u00a0\u00bbfull_width\u00a0\u00bb text_align=\u00a0\u00bbleft\u00a0\u00bb padding_bottom=\u00a0\u00bb32&Prime; css_animation=\u00a0\u00bb\u00a0\u00bb][vc_column_inner width=\u00a0\u00bb2\/3&Prime;][vc_separator type=\u00a0\u00bbtransparent\u00a0\u00bb up=\u00a0\u00bb1&Prime; down=\u00a0\u00bb0&Prime;]<div class='q_progress_bar'><h5 class='progress_title_holder clearfix' style=''><span class='progress_title'><span>Gestion Electronique des Documents (GED)<\/span><\/span><span class='progress_number' style='color: #ffffff;'><span>0<\/span>%<\/span><\/h5><div class='progress_content_outer' style=''><div data-percentage='75' class='progress_content' style=''><\/div><\/div><\/div><div class='q_progress_bar'><h5 class='progress_title_holder clearfix' style=''><span class='progress_title'><span>Maintenance Informatique<\/span><\/span><span class='progress_number' style='color: #ffffff;'><span>0<\/span>%<\/span><\/h5><div class='progress_content_outer' style=''><div data-percentage='90' class='progress_content' style=''><\/div><\/div><\/div><div class='q_progress_bar'><h5 class='progress_title_holder clearfix' style=''><span class='progress_title'><span>Maintenance serveur<\/span><\/span><span class='progress_number' style='color: #ffffff;'><span>0<\/span>%<\/span><\/h5><div class='progress_content_outer' style=''><div data-percentage='68' class='progress_content' style=''><\/div><\/div><\/div><div class='q_progress_bar'><h5 class='progress_title_holder clearfix' style=''><span class='progress_title'><span>Architecture r\u00e9seau<\/span><\/span><span class='progress_number' style='color: #ffffff;'><span>0<\/span>%<\/span><\/h5><div class='progress_content_outer' style=''><div data-percentage='82' class='progress_content' style=''><\/div><\/div><\/div>[\/vc_column_inner][vc_column_inner width=\u00a0\u00bb1\/3&Prime;][vc_column_text]Savoir quel mat\u00e9riel informatique acqu\u00e9rir, quel r\u00e9seau utiliser, quel wifi adopter, quelles solutions de s\u00e9curit\u00e9 seront les plus adapt\u00e9es \u00e0 votre syst\u00e8me d\u2019activit\u00e9 ? Autant de questions que vous vous posez et auxquelles nous pouvons vous aider \u00e0 r\u00e9pondre.<\/p>\n<p>Avec T\u00eate D\u00e9fense comme prestataire informatique, vous aurez la s\u00e9r\u00e9nit\u00e9 d\u2019un syst\u00e8me fiable et performant \u00e0 la fois.[\/vc_column_text][\/vc_column_inner][\/vc_row_inner][\/vc_column][\/vc_row][vc_row css_animation=\u00a0\u00bb\u00a0\u00bb row_type=\u00a0\u00bbrow\u00a0\u00bb use_row_as_full_screen_section=\u00a0\u00bbno\u00a0\u00bb type=\u00a0\u00bbgrid\u00a0\u00bb angled_section=\u00a0\u00bbno\u00a0\u00bb text_align=\u00a0\u00bbleft\u00a0\u00bb background_image_as_pattern=\u00a0\u00bbwithout_pattern\u00a0\u00bb background_color=\u00a0\u00bb#ffffff\u00a0\u00bb padding_top=\u00a0\u00bb32&Prime; padding_bottom=\u00a0\u00bb16&Prime; z_index=\u00a0\u00bb\u00a0\u00bb][vc_column width=\u00a0\u00bb1\/2&Prime;][vc_single_image image=\u00a0\u00bb16291&Prime; img_size=\u00a0\u00bb462&#215;300&Prime; alignment=\u00a0\u00bbcenter\u00a0\u00bb qode_css_animation=\u00a0\u00bbelement_from_left\u00a0\u00bb transition_delay=\u00a0\u00bb0.3&Prime;][vc_separator type=\u00a0\u00bbtransparent\u00a0\u00bb up=\u00a0\u00bb14&Prime; down=\u00a0\u00bb0&Prime;][\/vc_column][vc_column width=\u00a0\u00bb1\/2&Prime;][vc_column_text]<\/p>\n<h2 style=\"text-align: left;\">Maintenance informatique &amp; infog\u00e9rance<\/h2>\n<p>[\/vc_column_text][vc_separator type=\u00a0\u00bbsmall\u00a0\u00bb position=\u00a0\u00bbleft\u00a0\u00bb up=\u00a0\u00bb7&Prime; down=\u00a0\u00bb38&Prime;][vc_column_text]Expert en<strong>\u00a0maintenance informatique<\/strong>, nos \u00e9quipes sont pr\u00e9sentes pour vous aider \u00e0 g\u00e9rer votre quotidien et \u00e0 vous projeter dans l\u2019avenir.<\/p>\n<p>Afin de garantir le bon fonctionnement, la prosp\u00e9rit\u00e9 et le d\u00e9veloppement de votre syst\u00e8me informatique, T\u00eate D\u00e9fense vous accompagne au quotidien comme ponctuellement sur tout votre\u00a0<strong>parc informatique<\/strong>.[\/vc_column_text][vc_separator type=\u00a0\u00bbtransparent\u00a0\u00bb up=\u00a0\u00bb14&Prime; down=\u00a0\u00bb0&Prime;][\/vc_column][\/vc_row][vc_row css_animation=\u00a0\u00bb\u00a0\u00bb row_type=\u00a0\u00bbrow\u00a0\u00bb use_row_as_full_screen_section=\u00a0\u00bbno\u00a0\u00bb type=\u00a0\u00bbgrid\u00a0\u00bb angled_section=\u00a0\u00bbno\u00a0\u00bb text_align=\u00a0\u00bbleft\u00a0\u00bb background_image_as_pattern=\u00a0\u00bbwithout_pattern\u00a0\u00bb background_color=\u00a0\u00bb#ffffff\u00a0\u00bb padding_top=\u00a0\u00bb32&Prime; padding_bottom=\u00a0\u00bb32&Prime; el_class=\u00a0\u00bbcustom_color\u00a0\u00bb z_index=\u00a0\u00bb\u00a0\u00bb][vc_column][vc_column_text]<\/p>\n<p style=\"font-size: 32px; font-weight: lighter; line-height: 1.5; text-align: center;\">Choisir T\u00eate D\u00e9fense comme<strong> prestataire de votre maintenance informatique <\/strong>c\u2019est faire le choix de la tranquillit\u00e9.<\/p>\n<p>[\/vc_column_text][\/vc_column][\/vc_row][vc_row css_animation=\u00a0\u00bb\u00a0\u00bb row_type=\u00a0\u00bbrow\u00a0\u00bb use_row_as_full_screen_section=\u00a0\u00bbno\u00a0\u00bb type=\u00a0\u00bbgrid\u00a0\u00bb angled_section=\u00a0\u00bbno\u00a0\u00bb text_align=\u00a0\u00bbleft\u00a0\u00bb background_image_as_pattern=\u00a0\u00bbwithout_pattern\u00a0\u00bb padding_top=\u00a0\u00bb0&Prime; padding_bottom=\u00a0\u00bb32&Prime; z_index=\u00a0\u00bb\u00a0\u00bb][vc_column][vc_column_text]<\/p>\n<h4 style=\"text-align: center;\"><strong>D\u00e9couvrez tous\u00a0<\/strong><strong>les avantages<\/strong><strong>\u00a0de notre offre de maintenance :<\/strong><\/h4>\n<p>[\/vc_column_text][vc_separator type=\u00a0\u00bbsmall\u00a0\u00bb position=\u00a0\u00bbcenter\u00a0\u00bb up=\u00a0\u00bb7&Prime; down=\u00a0\u00bb35&Prime;][vc_column_text]<\/p>\n<ul>\n<li>Une offre simple et compl\u00e8te qui r\u00e9pond \u00e0 l\u2019ensemble de vos besoins informatique : Audit, conseil, assistance illimit\u00e9e, maintenance, suivi de votre parc informatique, intervention sur site, s\u00e9curit\u00e9 de votre r\u00e9seau et sauvegardes de vos donn\u00e9es<\/li>\n<li>Un prix forfaitaire mensuel incluant l\u2019ensemble des prestations<\/li>\n<li>Une \u00e9quipe \u00e0 votre service<\/li>\n<\/ul>\n<p>[\/vc_column_text][\/vc_column][\/vc_row][vc_row css_animation=\u00a0\u00bb\u00a0\u00bb row_type=\u00a0\u00bbrow\u00a0\u00bb use_row_as_full_screen_section=\u00a0\u00bbno\u00a0\u00bb type=\u00a0\u00bbgrid\u00a0\u00bb angled_section=\u00a0\u00bbno\u00a0\u00bb text_align=\u00a0\u00bbleft\u00a0\u00bb background_image_as_pattern=\u00a0\u00bbwithout_pattern\u00a0\u00bb background_color=\u00a0\u00bb#f8f8f8&Prime; padding_top=\u00a0\u00bb72&Prime; padding_bottom=\u00a0\u00bb0&Prime;][vc_column width=\u00a0\u00bb1\/2&Prime;][vc_column_text]<\/p>\n<h2 style=\"text-align: right;\">Etude et implantation d\u2019une architecture r\u00e9seau<\/h2>\n<p>[\/vc_column_text][vc_separator type=\u00a0\u00bbtransparent\u00a0\u00bb up=\u00a0\u00bb14&Prime; down=\u00a0\u00bb0&Prime;][vc_column_text]<\/p>\n<p style=\"text-align: right;\">Les PME font face aujourd\u2019hui \u00e0 des solutions et une technologie informatique en constante \u00e9volution. Cela ne les emp\u00eache pas d\u2019avoir exactement les m\u00eames attentes que les grandes entreprises : r\u00e9activit\u00e9 et qualit\u00e9 de leur infrastructure, suivre les innovations de la technologie tout en gardant la maitrise des risques et garder une s\u00e9curit\u00e9 efficace tout en maitrisant les co\u00fbts.<\/p>\n<p style=\"text-align: right;\">T\u00eate d\u00e9fense accompagne ses clients en conseil sur l\u2019\u00e9tude et l\u2019implantation d\u2019un r\u00e9seau d\u2019entreprise r\u00e9pondant \u00e0 ses diff\u00e9rents crit\u00e8res.<\/p>\n<p style=\"text-align: right;\">Nous serons votre\u00a0<strong>prestataire informatique<\/strong>\u00a0privil\u00e9gi\u00e9 sur Paris, \u00e0 votre \u00e9coute et disponible pour toute\u00a0<strong>l\u2019infog\u00e9rance<\/strong>\u00a0de votre parc informatique et l\u2019assistance aux utilisateurs.<\/p>\n<p>[\/vc_column_text][vc_separator type=\u00a0\u00bbtransparent\u00a0\u00bb up=\u00a0\u00bb14&Prime; down=\u00a0\u00bb0&Prime;][\/vc_column][vc_column width=\u00a0\u00bb1\/2&Prime;][vc_single_image image=\u00a0\u00bb16311&Prime; img_size=\u00a0\u00bbfull\u00a0\u00bb alignment=\u00a0\u00bbcenter\u00a0\u00bb qode_css_animation=\u00a0\u00bbelement_from_right\u00a0\u00bb transition_delay=\u00a0\u00bb0.6&Prime;][vc_separator type=\u00a0\u00bbtransparent\u00a0\u00bb up=\u00a0\u00bb71&Prime; down=\u00a0\u00bb0&Prime;][\/vc_column][\/vc_row][vc_row css_animation=\u00a0\u00bb\u00a0\u00bb row_type=\u00a0\u00bbrow\u00a0\u00bb use_row_as_full_screen_section=\u00a0\u00bbno\u00a0\u00bb type=\u00a0\u00bbgrid\u00a0\u00bb angled_section=\u00a0\u00bbno\u00a0\u00bb text_align=\u00a0\u00bbleft\u00a0\u00bb background_image_as_pattern=\u00a0\u00bbwithout_pattern\u00a0\u00bb background_color=\u00a0\u00bb#ffffff\u00a0\u00bb padding_top=\u00a0\u00bb72&Prime; padding_bottom=\u00a0\u00bb32&Prime; z_index=\u00a0\u00bb\u00a0\u00bb][vc_column width=\u00a0\u00bb1\/2&Prime;][vc_single_image image=\u00a0\u00bb16319&Prime; img_size=\u00a0\u00bbfull\u00a0\u00bb alignment=\u00a0\u00bbcenter\u00a0\u00bb style=\u00a0\u00bbvc_box_circle_2&Prime; qode_css_animation=\u00a0\u00bbelement_from_left\u00a0\u00bb transition_delay=\u00a0\u00bb0.3&Prime;][vc_separator type=\u00a0\u00bbtransparent\u00a0\u00bb up=\u00a0\u00bb14&Prime; down=\u00a0\u00bb0&Prime;][\/vc_column][vc_column width=\u00a0\u00bb1\/2&Prime;][vc_column_text]<\/p>\n<h2>La s\u00e9curit\u00e9<\/h2>\n<p>[\/vc_column_text][vc_separator type=\u00a0\u00bbtransparent\u00a0\u00bb up=\u00a0\u00bb14&Prime; down=\u00a0\u00bb0&Prime;][vc_column_text]<\/p>\n<blockquote><p><em>\u00ab S\u00e9curit\u00e9 (n.f.) : Situation dans laquelle quelqu&rsquo;un, quelque chose n&rsquo;est expos\u00e9 \u00e0 aucun danger, \u00e0 aucun risque.\u00a0Absence ou limitation des risques dans un domaine pr\u00e9cis \u00bb<\/em><br \/>\nPetit Larousse<\/p><\/blockquote>\n<p>[\/vc_column_text][vc_column_text]Le choix de la s\u00e9curit\u00e9 ne doit pas \u00eatre fait au hasard et encore moins par une personne non sp\u00e9cialis\u00e9e. Aujourd\u2019hui, les entreprises ouvrent de plus en plus l\u2019acc\u00e8s de leur syst\u00e8me d\u2019informations \u00e0 leurs partenaires et fournisseurs. C\u2019est pourquoi, prot\u00e9ger et maitriser le contr\u00f4le d\u2019acc\u00e8s et les droits de votre syst\u00e8me d\u2019information est essentiel. Ils doivent \u00eatre verrouill\u00e9s et adapt\u00e9s \u00e0 chaque utilisateur. Choisir T\u00eate D\u00e9fense pour d\u00e9finir, orienter et mettre en place une s\u00e9curit\u00e9 optimale est la solution \u00e0 adopter. Vous ferez ainsi face \u00e0 quatre facteurs :<\/p>\n<ul>\n<li>Le piratage<\/li>\n<li>Le plantage<\/li>\n<li>La perte de donn\u00e9es<\/li>\n<li>La perte de temps<\/li>\n<\/ul>\n<p>[\/vc_column_text][vc_separator type=\u00a0\u00bbtransparent\u00a0\u00bb up=\u00a0\u00bb14&Prime; down=\u00a0\u00bb0&Prime;][\/vc_column][\/vc_row][vc_row css_animation=\u00a0\u00bb\u00a0\u00bb row_type=\u00a0\u00bbrow\u00a0\u00bb use_row_as_full_screen_section=\u00a0\u00bbno\u00a0\u00bb type=\u00a0\u00bbgrid\u00a0\u00bb angled_section=\u00a0\u00bbno\u00a0\u00bb text_align=\u00a0\u00bbleft\u00a0\u00bb background_image_as_pattern=\u00a0\u00bbwithout_pattern\u00a0\u00bb padding_top=\u00a0\u00bb32&Prime; padding_bottom=\u00a0\u00bb64&Prime; z_index=\u00a0\u00bb\u00a0\u00bb][vc_column][vc_column_text]<\/p>\n<h2 style=\"text-align: center;\">\u00a0Nos partenaires<\/h2>\n<p>[\/vc_column_text][vc_empty_space height=\u00a0\u00bb15px\u00a0\u00bb]<div class='qode_carousels_holder clearfix'><div class='qode_carousels' data-number-of-visible-items=''><ul class='slides'><li class='item'><div class=\"carousel_item_holder\"><span class='first_image_holder has_hover_image'><img decoding=\"async\" itemprop=\"image\" src=\"http:\/\/www.tetedefense.fr\/wp-content\/uploads\/2020\/11\/watch_NB.jpg\" alt=\"carousel image\" \/><\/span><span class='second_image_holder has_hover_image'><img decoding=\"async\" itemprop=\"image\" src=\"http:\/\/www.tetedefense.fr\/wp-content\/uploads\/2020\/11\/watch.jpg\" alt=\"carousel image\" \/><\/span><\/div><\/li><li class='item'><div class=\"carousel_item_holder\"><span class='first_image_holder has_hover_image'><img decoding=\"async\" itemprop=\"image\" src=\"http:\/\/www.tetedefense.fr\/wp-content\/uploads\/2020\/11\/service_client_NB.jpg\" alt=\"carousel image\" \/><\/span><span class='second_image_holder has_hover_image'><img decoding=\"async\" itemprop=\"image\" src=\"http:\/\/www.tetedefense.fr\/wp-content\/uploads\/2020\/11\/service_client.jpg\" alt=\"carousel image\" \/><\/span><\/div><\/li><li class='item'><div class=\"carousel_item_holder\"><span class='first_image_holder has_hover_image'><img decoding=\"async\" itemprop=\"image\" src=\"http:\/\/www.tetedefense.fr\/wp-content\/uploads\/2020\/11\/microsoft_NB.jpg\" alt=\"carousel image\" \/><\/span><span class='second_image_holder has_hover_image'><img decoding=\"async\" itemprop=\"image\" src=\"http:\/\/www.tetedefense.fr\/wp-content\/uploads\/2020\/11\/microsoft.jpg\" alt=\"carousel image\" \/><\/span><\/div><\/li><li class='item'><div class=\"carousel_item_holder\"><span class='first_image_holder has_hover_image'><img decoding=\"async\" itemprop=\"image\" src=\"http:\/\/www.tetedefense.fr\/wp-content\/uploads\/2020\/11\/Logo_Eaton_Poweradvantage_Agree_NB.jpg\" alt=\"carousel image\" \/><\/span><span class='second_image_holder has_hover_image'><img decoding=\"async\" itemprop=\"image\" src=\"http:\/\/www.tetedefense.fr\/wp-content\/uploads\/2020\/11\/Logo_Eaton_Poweradvantage_Agree.jpg\" alt=\"carousel image\" \/><\/span><\/div><\/li><li class='item'><div class=\"carousel_item_holder\"><span class='first_image_holder has_hover_image'><img decoding=\"async\" itemprop=\"image\" src=\"http:\/\/www.tetedefense.fr\/wp-content\/uploads\/2020\/11\/aruba_NB.jpg\" alt=\"carousel image\" \/><\/span><span class='second_image_holder has_hover_image'><img decoding=\"async\" itemprop=\"image\" src=\"http:\/\/www.tetedefense.fr\/wp-content\/uploads\/2020\/11\/aruba.jpg\" alt=\"carousel image\" \/><\/span><\/div><\/li><li class='item'><div class=\"carousel_item_holder\"><span class='first_image_holder has_hover_image'><img decoding=\"async\" itemprop=\"image\" src=\"http:\/\/www.tetedefense.fr\/wp-content\/uploads\/2021\/03\/Logo_canon_2020_NB.jpg\" alt=\"carousel image\" \/><\/span><span class='second_image_holder has_hover_image'><img decoding=\"async\" itemprop=\"image\" src=\"http:\/\/www.tetedefense.fr\/wp-content\/uploads\/2021\/03\/Logo_canon_2020_GOLD.jpg\" alt=\"carousel image\" \/><\/span><\/div><\/li><\/ul><\/div><\/div>[\/vc_column][\/vc_row]<\/p>\n","protected":false},"excerpt":{"rendered":"<p>[vc_row css_animation=\u00a0\u00bb\u00a0\u00bb row_type=\u00a0\u00bbrow\u00a0\u00bb use_row_as_full_screen_section=\u00a0\u00bbno\u00a0\u00bb type=\u00a0\u00bbgrid\u00a0\u00bb angled_section=\u00a0\u00bbno\u00a0\u00bb text_align=\u00a0\u00bbleft\u00a0\u00bb background_image_as_pattern=\u00a0\u00bbwithout_pattern\u00a0\u00bb padding_top=\u00a0\u00bb87&Prime; padding_bottom=\u00a0\u00bb0&Prime; z_index=\u00a0\u00bb\u00a0\u00bb][vc_column][vc_column_text] Audit informatique [\/vc_column_text][vc_separator type=\u00a0\u00bbsmall\u00a0\u00bb position=\u00a0\u00bbcenter\u00a0\u00bb up=\u00a0\u00bb7&Prime; down=\u00a0\u00bb38&Prime;][vc_column_text] L\u2019informatique est aujourd\u2019hui un domaine complexe que les entreprises ne peuvent pas obligatoirement g\u00e9rer en interne. [\/vc_column_text][vc_separator type=\u00a0\u00bbtransparent\u00a0\u00bb up=\u00a0\u00bb31&Prime; down=\u00a0\u00bb19&Prime;][vc_row_inner row_type=\u00a0\u00bbrow\u00a0\u00bb type=\u00a0\u00bbfull_width\u00a0\u00bb text_align=\u00a0\u00bbleft\u00a0\u00bb padding_bottom=\u00a0\u00bb32&Prime; css_animation=\u00a0\u00bb\u00a0\u00bb][vc_column_inner width=\u00a0\u00bb2\/3&Prime;][vc_separator type=\u00a0\u00bbtransparent\u00a0\u00bb&#8230;<\/p>\n","protected":false},"author":1,"featured_media":0,"parent":0,"menu_order":0,"comment_status":"open","ping_status":"closed","template":"full_width.php","meta":{"footnotes":""},"class_list":["post-13383","page","type-page","status-publish","hentry"],"_links":{"self":[{"href":"http:\/\/www.tetedefense.fr\/index.php\/wp-json\/wp\/v2\/pages\/13383","targetHints":{"allow":["GET"]}}],"collection":[{"href":"http:\/\/www.tetedefense.fr\/index.php\/wp-json\/wp\/v2\/pages"}],"about":[{"href":"http:\/\/www.tetedefense.fr\/index.php\/wp-json\/wp\/v2\/types\/page"}],"author":[{"embeddable":true,"href":"http:\/\/www.tetedefense.fr\/index.php\/wp-json\/wp\/v2\/users\/1"}],"replies":[{"embeddable":true,"href":"http:\/\/www.tetedefense.fr\/index.php\/wp-json\/wp\/v2\/comments?post=13383"}],"version-history":[{"count":70,"href":"http:\/\/www.tetedefense.fr\/index.php\/wp-json\/wp\/v2\/pages\/13383\/revisions"}],"predecessor-version":[{"id":16614,"href":"http:\/\/www.tetedefense.fr\/index.php\/wp-json\/wp\/v2\/pages\/13383\/revisions\/16614"}],"wp:attachment":[{"href":"http:\/\/www.tetedefense.fr\/index.php\/wp-json\/wp\/v2\/media?parent=13383"}],"curies":[{"name":"wp","href":"https:\/\/api.w.org\/{rel}","templated":true}]}}