{"id":15042,"date":"2021-01-18T09:00:46","date_gmt":"2021-01-18T08:00:46","guid":{"rendered":"http:\/\/demo.qodeinteractive.com\/bridge9\/?page_id=15042"},"modified":"2021-02-25T15:08:12","modified_gmt":"2021-02-25T14:08:12","slug":"bureautique","status":"publish","type":"page","link":"http:\/\/www.tetedefense.fr\/index.php\/bureautique\/","title":{"rendered":"Bureautique"},"content":{"rendered":"<p>[vc_row css_animation=\u00a0\u00bb\u00a0\u00bb row_type=\u00a0\u00bbrow\u00a0\u00bb use_row_as_full_screen_section=\u00a0\u00bbno\u00a0\u00bb type=\u00a0\u00bbgrid\u00a0\u00bb anchor=\u00a0\u00bbportfolio\u00a0\u00bb angled_section=\u00a0\u00bbno\u00a0\u00bb text_align=\u00a0\u00bbleft\u00a0\u00bb background_image_as_pattern=\u00a0\u00bbwithout_pattern\u00a0\u00bb background_color=\u00a0\u00bb#f8f8f8&Prime; padding_top=\u00a0\u00bb90&Prime; padding_bottom=\u00a0\u00bb32&Prime; z_index=\u00a0\u00bb\u00a0\u00bb][vc_column width=\u00a0\u00bb1\/2&Prime;][vc_single_image image=\u00a0\u00bb16498&Prime; img_size=\u00a0\u00bbfull\u00a0\u00bb alignment=\u00a0\u00bbcenter\u00a0\u00bb qode_css_animation=\u00a0\u00bbelement_from_left\u00a0\u00bb transition_delay=\u00a0\u00bb0.2&Prime;][\/vc_column][vc_column width=\u00a0\u00bb1\/2&Prime;][vc_column_text]<\/p>\n<h2>Les solutions \u00e9conomiques\u00a0T\u00eate D\u00e9fense<\/h2>\n<p>[\/vc_column_text][vc_separator type=\u00a0\u00bbtransparent\u00a0\u00bb up=\u00a0\u00bb12&Prime; down=\u00a0\u00bb0&Prime;][vc_column_text]Pour r\u00e9aliser le choix optimal en ce qui concerne le mat\u00e9riel (<strong>imprimantes multifonctions, photocopieur couleur&#8230;<\/strong>), nous serons \u00e0 vos c\u00f4t\u00e9s afin de s\u00e9lectionner<strong>\u00a0la meilleure des\u00a0<\/strong><strong>solutions d\u2019impression<\/strong>.<br \/>\nSuite \u00e0 un\u00a0<strong>audit d\u2019impression<\/strong> gratuit, nous mettrons en \u0153uvre la solution retenue pour faciliter\u00a0<strong>la r\u00e9duction des co\u00fbts d\u2019impression.<\/strong><\/p>\n<p><strong>Si vous d\u00e9cidez de d\u00e9finir une strat\u00e9gie de gestion des impressions, nous vous recommanderons le logiciel d\u2019impression UniFLOW. <\/strong><\/p>\n<p><strong>Ce dernier est con\u00e7u pour <\/strong><strong>exploiter tout le potentiel des<\/strong> p\u00e9riph\u00e9riques multifonction et optimiser leur utilisation.[\/vc_column_text][\/vc_column][\/vc_row][vc_row css_animation=\u00a0\u00bb\u00a0\u00bb row_type=\u00a0\u00bbrow\u00a0\u00bb use_row_as_full_screen_section=\u00a0\u00bbno\u00a0\u00bb type=\u00a0\u00bbgrid\u00a0\u00bb anchor=\u00a0\u00bbportfolio\u00a0\u00bb angled_section=\u00a0\u00bbno\u00a0\u00bb text_align=\u00a0\u00bbleft\u00a0\u00bb background_image_as_pattern=\u00a0\u00bbwithout_pattern\u00a0\u00bb background_color=\u00a0\u00bb#f8f8f8&Prime; padding_bottom=\u00a0\u00bb32&Prime; z_index=\u00a0\u00bb\u00a0\u00bb][vc_column width=\u00a0\u00bb1\/2&Prime;][vc_column_text]UniFLOW s\u2019int\u00e8gre parfaitement aux syst\u00e8mes d\u2019informations quelle que soit la taille de l\u2019entreprise. Ceci rend le syst\u00e8me tr\u00e8s convivial et contribue \u00e0 des gains de productivit\u00e9 de l\u2019entreprise.<\/p>\n<p>UniFLOW permet la gestion informatique du parc de p\u00e9riph\u00e9riques multifonction :<\/p>\n<ul>\n<li>Comptabilisation et audit des impressions<\/li>\n<li>Impression s\u00e9curis\u00e9e universelle<\/li>\n<li>S\u00e9curit\u00e9 accrue des p\u00e9riph\u00e9riques<\/li>\n<li>Gestion de l&rsquo;acquisition de documents<\/li>\n<li>Acheminement des documents vers le p\u00e9riph\u00e9rique le plus \u00e9conomique<\/li>\n<\/ul>\n<p>[\/vc_column_text][\/vc_column][vc_column width=\u00a0\u00bb1\/2&Prime;][vc_single_image image=\u00a0\u00bb16224&Prime; img_size=\u00a0\u00bbfull\u00a0\u00bb alignment=\u00a0\u00bbcenter\u00a0\u00bb qode_css_animation=\u00a0\u00bbelement_from_right\u00a0\u00bb transition_delay=\u00a0\u00bb0.4&Prime;][vc_separator type=\u00a0\u00bbtransparent\u00a0\u00bb up=\u00a0\u00bb5&Prime; down=\u00a0\u00bb16&Prime;][\/vc_column][\/vc_row][vc_row css_animation=\u00a0\u00bb\u00a0\u00bb row_type=\u00a0\u00bbrow\u00a0\u00bb use_row_as_full_screen_section=\u00a0\u00bbno\u00a0\u00bb type=\u00a0\u00bbgrid\u00a0\u00bb anchor=\u00a0\u00bbportfolio\u00a0\u00bb angled_section=\u00a0\u00bbno\u00a0\u00bb text_align=\u00a0\u00bbleft\u00a0\u00bb background_image_as_pattern=\u00a0\u00bbwithout_pattern\u00a0\u00bb background_color=\u00a0\u00bb#f1f1f1&Prime; padding_top=\u00a0\u00bb40&Prime; padding_bottom=\u00a0\u00bb40&Prime; z_index=\u00a0\u00bb\u00a0\u00bb][vc_column][vc_column_text]<\/p>\n<p style=\"font-size: 32px; font-weight: lighter; line-height: 1.5; text-align: center;\">Gr\u00e2ce \u00e0 nos partenaires d\u2019exception, vous serez \u00e0 la pointe de la technologie tout en\u00a0<strong>r\u00e9duisant<\/strong>\u00a0et en\u00a0<strong>maitrisant<\/strong>\u00a0vos co\u00fbts d\u2019impressions. Les mat\u00e9riels r\u00e9pondront exactement \u00e0 vos attentes et leur taux d\u2019utilisation sera maximal pour vous garantir un rendement optimal.<\/p>\n<p>[\/vc_column_text][\/vc_column][\/vc_row][vc_row css_animation=\u00a0\u00bb\u00a0\u00bb row_type=\u00a0\u00bbrow\u00a0\u00bb use_row_as_full_screen_section=\u00a0\u00bbno\u00a0\u00bb type=\u00a0\u00bbgrid\u00a0\u00bb anchor=\u00a0\u00bbportfolio\u00a0\u00bb angled_section=\u00a0\u00bbno\u00a0\u00bb text_align=\u00a0\u00bbleft\u00a0\u00bb background_image_as_pattern=\u00a0\u00bbwithout_pattern\u00a0\u00bb background_color=\u00a0\u00bb#f8f8f8&Prime; padding_top=\u00a0\u00bb90&Prime; padding_bottom=\u00a0\u00bb90&Prime; css=\u00a0\u00bb.vc_custom_1608078409895{background-color: #ffffff !important;}\u00a0\u00bb z_index=\u00a0\u00bb\u00a0\u00bb][vc_column width=\u00a0\u00bb1\/2&Prime;][vc_single_image image=\u00a0\u00bb16122&Prime; img_size=\u00a0\u00bbfull\u00a0\u00bb alignment=\u00a0\u00bbcenter\u00a0\u00bb qode_css_animation=\u00a0\u00bbelement_from_left\u00a0\u00bb transition_delay=\u00a0\u00bb0.2&Prime;][\/vc_column][vc_column width=\u00a0\u00bb1\/2&Prime;][vc_separator type=\u00a0\u00bbtransparent\u00a0\u00bb up=\u00a0\u00bb60&Prime; down=\u00a0\u00bb0&Prime;][vc_column_text]<\/p>\n<h2>Solutions d\u2019impression Canon<\/h2>\n<p>[\/vc_column_text][vc_separator type=\u00a0\u00bbtransparent\u00a0\u00bb up=\u00a0\u00bb12&Prime; down=\u00a0\u00bb0&Prime;][vc_column_text]Nous avons une large gamme \u00e0 vous proposer et chaque devis est personnalis\u00e9. Tout d\u00e9pendra de l\u2019utilisation que vous souhaitez en faire (A3, A4, n&amp;b, couleur,\u00a0<strong>impression r\u00e9seau, solution GED<\/strong>\u2026). Chaque mat\u00e9riel offre des impressions d&rsquo;une qualit\u00e9 exceptionnelle. La vitesse sera l\u2019un des facteurs cl\u00e9s de votre choix et certains mat\u00e9riels vous offriront une vitesse impressionnante de 60 pages par minute.[\/vc_column_text][vc_separator type=\u00a0\u00bbtransparent\u00a0\u00bb up=\u00a0\u00bb5&Prime; down=\u00a0\u00bb16&Prime;][\/vc_column][\/vc_row][vc_row css_animation=\u00a0\u00bb\u00a0\u00bb row_type=\u00a0\u00bbrow\u00a0\u00bb use_row_as_full_screen_section=\u00a0\u00bbno\u00a0\u00bb type=\u00a0\u00bbgrid\u00a0\u00bb anchor=\u00a0\u00bbportfolio\u00a0\u00bb angled_section=\u00a0\u00bbno\u00a0\u00bb text_align=\u00a0\u00bbleft\u00a0\u00bb background_image_as_pattern=\u00a0\u00bbwithout_pattern\u00a0\u00bb background_color=\u00a0\u00bb#f8f8f8&Prime; padding_top=\u00a0\u00bb40&Prime; padding_bottom=\u00a0\u00bb40&Prime; css=\u00a0\u00bb.vc_custom_1608078870943{background-color: #9b2f2e !important;}\u00a0\u00bb z_index=\u00a0\u00bb\u00a0\u00bb][vc_column][vc_column_text]<\/p>\n<p style=\"font-size: 32px; font-weight: lighter; line-height: 1.5; text-align: center;\"><span style=\"color: #ffffff;\">T\u00eate D\u00e9fense, en tant que revendeur privil\u00e9gi\u00e9 Canon vous assure un mat\u00e9riel de qualit\u00e9, performant et en ad\u00e9quation avec vos besoins d\u2019utilisation. Gr\u00e2ce \u00e0 nos mat\u00e9riels, vos \u00e9conomies sont tout de suite visibles en termes d\u2019encre, de papier et de temps.<\/span><\/p>\n<p>[\/vc_column_text][\/vc_column][\/vc_row][vc_row css_animation=\u00a0\u00bb\u00a0\u00bb row_type=\u00a0\u00bbrow\u00a0\u00bb use_row_as_full_screen_section=\u00a0\u00bbno\u00a0\u00bb type=\u00a0\u00bbgrid\u00a0\u00bb angled_section=\u00a0\u00bbno\u00a0\u00bb text_align=\u00a0\u00bbleft\u00a0\u00bb background_image_as_pattern=\u00a0\u00bbwithout_pattern\u00a0\u00bb background_color=\u00a0\u00bb#ffffff\u00a0\u00bb padding_top=\u00a0\u00bb72&Prime; padding_bottom=\u00a0\u00bb72&Prime;][vc_column width=\u00a0\u00bb1\/2&Prime;][vc_column_text]<\/p>\n<h3 style=\"text-align: center;\">Nos solutions grands formats<\/h3>\n<p>[\/vc_column_text][vc_separator type=\u00a0\u00bbtransparent\u00a0\u00bb up=\u00a0\u00bb14&Prime; down=\u00a0\u00bb0&Prime;][vc_column_text]Nous sommes \u00e9galement fournisseurs de mat\u00e9riels de pointes pour les soci\u00e9t\u00e9s ayant besoins de traceurs et grands formats. Avec ses cinq, huit ou encore douze cartouches d\u2019encre, les couleurs restent authentiques et vous \u00eates certain d&rsquo;am\u00e9liorer l&rsquo;image de votre entreprise. Le nouveau syst\u00e8me de douze encres permet une gamme de couleurs plus \u00e9tendue et am\u00e9liore la gradation et l&rsquo;homog\u00e9n\u00e9it\u00e9[\/vc_column_text][vc_separator type=\u00a0\u00bbtransparent\u00a0\u00bb up=\u00a0\u00bb14&Prime; down=\u00a0\u00bb0&Prime;][\/vc_column][vc_column width=\u00a0\u00bb1\/2&Prime;][vc_separator type=\u00a0\u00bbtransparent\u00a0\u00bb up=\u00a0\u00bb36&Prime; down=\u00a0\u00bb0&Prime;][vc_column_text]Avec la solution d\u2019impression num\u00e9rique grand format que vous choisirez, vous opterez pour trois choses :<\/p>\n<ul>\n<li>la qualit\u00e9 du rendu est surprenante par la vivacit\u00e9 des couleurs et la reproduction conforme de vos travaux de votre \u00e9cran sur le support utilis\u00e9<\/li>\n<li>la rapidit\u00e9 des impressions et son homog\u00e9n\u00e9it\u00e9 \u00e9poustouflante vous permettront des travaux de tirages photo, des impressions beaux-arts, d\u2019\u00e9preuves et d\u2019affiches<\/li>\n<li>dot\u00e9e d\u2019une grande pr\u00e9cision, les performances sur les trac\u00e9s sont sans \u00e9gal.<\/li>\n<\/ul>\n<p>[\/vc_column_text][vc_separator type=\u00a0\u00bbtransparent\u00a0\u00bb up=\u00a0\u00bb14&Prime; down=\u00a0\u00bb0&Prime;][\/vc_column][\/vc_row][vc_row row_type=\u00a0\u00bbparallax\u00a0\u00bb parallax_content_width=\u00a0\u00bbfull_width\u00a0\u00bb anchor=\u00a0\u00bbportfolio\u00a0\u00bb text_align=\u00a0\u00bbleft\u00a0\u00bb full_screen_section_height=\u00a0\u00bbno\u00a0\u00bb css=\u00a0\u00bb.vc_custom_1608079350903{background-color: #ffffff !important;}\u00a0\u00bb][vc_column][vc_single_image image=\u00a0\u00bb16251&Prime; img_size=\u00a0\u00bbfull\u00a0\u00bb qode_css_animation=\u00a0\u00bb\u00a0\u00bb][\/vc_column][\/vc_row][vc_row css_animation=\u00a0\u00bb\u00a0\u00bb row_type=\u00a0\u00bbrow\u00a0\u00bb use_row_as_full_screen_section=\u00a0\u00bbno\u00a0\u00bb type=\u00a0\u00bbgrid\u00a0\u00bb angled_section=\u00a0\u00bbno\u00a0\u00bb text_align=\u00a0\u00bbleft\u00a0\u00bb background_image_as_pattern=\u00a0\u00bbwithout_pattern\u00a0\u00bb background_color=\u00a0\u00bb#ffffff\u00a0\u00bb padding_top=\u00a0\u00bb72&Prime; padding_bottom=\u00a0\u00bb72&Prime;][vc_column width=\u00a0\u00bb5\/12&Prime;][vc_column_text]<\/p>\n<h3 style=\"text-align: center;\">Diff\u00e9rentes options possibles<\/h3>\n<p>[\/vc_column_text][vc_separator type=\u00a0\u00bbtransparent\u00a0\u00bb up=\u00a0\u00bb14&Prime; down=\u00a0\u00bb0&Prime;][vc_column_text]<\/p>\n<p style=\"text-align: justify;\">Avec T\u00eate D\u00e9fense, vous avez la possibilit\u00e9 de<strong>\u00a0choisir<\/strong>\u00a0votre engagement<\/p>\n<p style=\"text-align: justify;\">La\u00a0<strong>souplesse<\/strong>\u00a0dans les contrats et le financement en direct de tous nos mat\u00e9riels sont autant d\u2019atouts suppl\u00e9mentaires qui font de T\u00eate D\u00e9fense le partenaire de votre \u00e9volution.<\/p>\n<p>[\/vc_column_text][\/vc_column][vc_column width=\u00a0\u00bb7\/12&Prime;][vc_column_text]<\/p>\n<h3 style=\"text-align: center;\">Les conseils T\u00eate D\u00e9fense<\/h3>\n<p>[\/vc_column_text][vc_separator type=\u00a0\u00bbtransparent\u00a0\u00bb up=\u00a0\u00bb14&Prime; down=\u00a0\u00bb0&Prime;][vc_column_text]<\/p>\n<p style=\"text-align: justify;\">La technologie aujourd\u2019hui \u00e9volue extr\u00eamement vite. Comme les t\u00e9l\u00e9phones portables, un mat\u00e9riel se renouvelle r\u00e9guli\u00e8rement et acqui\u00e8re de nouvelles fonctionnalit\u00e9s, de nouvelles performances \u00e0 chaque nouvelle g\u00e9n\u00e9ration. Nous conseillons donc des contrats de location sur 3 ans pour vous permettre d\u2019\u00eatre \u00e0 la pointe de la technologie dans ce domaine et une meilleure flexibilit\u00e9.<\/p>\n<p>[\/vc_column_text][\/vc_column][\/vc_row][vc_row css_animation=\u00a0\u00bb\u00a0\u00bb row_type=\u00a0\u00bbrow\u00a0\u00bb use_row_as_full_screen_section=\u00a0\u00bbno\u00a0\u00bb type=\u00a0\u00bbgrid\u00a0\u00bb anchor=\u00a0\u00bbportfolio\u00a0\u00bb angled_section=\u00a0\u00bbno\u00a0\u00bb text_align=\u00a0\u00bbleft\u00a0\u00bb background_image_as_pattern=\u00a0\u00bbwithout_pattern\u00a0\u00bb background_color=\u00a0\u00bb#f8f8f8&Prime; padding_top=\u00a0\u00bb32&Prime; padding_bottom=\u00a0\u00bb32&Prime; css=\u00a0\u00bb.vc_custom_1608080329330{background-color: #ffffff !important;}\u00a0\u00bb z_index=\u00a0\u00bb\u00a0\u00bb][vc_column width=\u00a0\u00bb1\/2&Prime;][vc_column_text]<\/p>\n<h2>SAV &amp; Support Canon<\/h2>\n<p>[\/vc_column_text][vc_separator type=\u00a0\u00bbtransparent\u00a0\u00bb up=\u00a0\u00bb12&Prime; down=\u00a0\u00bb0&Prime;][vc_column_text]L<strong>&lsquo;E-maintenance T\u00eate D\u00e9fense<\/strong>\u00a0vous permet de nous signaler chaque panne, erreur d\u2019utilisation ou commande de consommables, de mani\u00e8re simple et rapide.<\/p>\n<p>Notre hotline et le syst\u00e8me de gestion informatis\u00e9e assurent un suivi complet du mat\u00e9riel depuis sa mise en service chez le client. Le processus est simple et efficace et permet une parfaite tra\u00e7abilit\u00e9. Ce sont les fondements d\u2019une planification pr\u00e9ventive et d\u2019une<strong>\u00a0r\u00e9activit\u00e9 exceptionnelle<\/strong>\u00a0(- de 6 heures pour le d\u00e9lai d\u2019intervention).[\/vc_column_text][vc_separator type=\u00a0\u00bbtransparent\u00a0\u00bb up=\u00a0\u00bb5&Prime; down=\u00a0\u00bb16&Prime;][\/vc_column][\/vc_row][vc_row css_animation=\u00a0\u00bb\u00a0\u00bb row_type=\u00a0\u00bbrow\u00a0\u00bb use_row_as_full_screen_section=\u00a0\u00bbno\u00a0\u00bb type=\u00a0\u00bbgrid\u00a0\u00bb anchor=\u00a0\u00bbportfolio\u00a0\u00bb angled_section=\u00a0\u00bbno\u00a0\u00bb text_align=\u00a0\u00bbleft\u00a0\u00bb background_image_as_pattern=\u00a0\u00bbwithout_pattern\u00a0\u00bb background_color=\u00a0\u00bb#f1f1f1&Prime; padding_top=\u00a0\u00bb40&Prime; padding_bottom=\u00a0\u00bb40&Prime; z_index=\u00a0\u00bb\u00a0\u00bb][vc_column][vc_column_text]<\/p>\n<p style=\"font-size: 32px; font-weight: lighter; line-height: 1.5; text-align: center;\">\u00c0 tout moment, le client peut disposer d\u2019un historique pr\u00e9cis gr\u00e2ce \u00e0 son espace client.<\/p>\n<p>[\/vc_column_text][\/vc_column][\/vc_row][vc_row css_animation=\u00a0\u00bb\u00a0\u00bb row_type=\u00a0\u00bbrow\u00a0\u00bb use_row_as_full_screen_section=\u00a0\u00bbno\u00a0\u00bb type=\u00a0\u00bbgrid\u00a0\u00bb angled_section=\u00a0\u00bbno\u00a0\u00bb text_align=\u00a0\u00bbleft\u00a0\u00bb background_image_as_pattern=\u00a0\u00bbwithout_pattern\u00a0\u00bb background_color=\u00a0\u00bb#ffffff\u00a0\u00bb padding_top=\u00a0\u00bb72&Prime; padding_bottom=\u00a0\u00bb72&Prime;][vc_column width=\u00a0\u00bb5\/12&Prime;][vc_column_text]<\/p>\n<h3 style=\"text-align: center;\">A votre \u00e9coute<\/h3>\n<p>[\/vc_column_text][vc_separator type=\u00a0\u00bbtransparent\u00a0\u00bb up=\u00a0\u00bb14&Prime; down=\u00a0\u00bb0&Prime;][vc_column_text]N\u2019h\u00e9sitez pas \u00e0 nous contacter :<\/p>\n<p>par t\u00e9l\u00e9phone : 01 47 74 50 07,<br \/>\npar mail : <a href=\"mailto:service-administratif@tetedefense.fr\">service-administratif@tetedefense.fr<\/a><\/p>\n<p>pour tout incident.[\/vc_column_text][vc_separator type=\u00a0\u00bbtransparent\u00a0\u00bb up=\u00a0\u00bb14&Prime; down=\u00a0\u00bb0&Prime;][\/vc_column][vc_column width=\u00a0\u00bb7\/12&Prime;][vc_column_text]<\/p>\n<h3>Un espace d&rsquo;accueil et de stockage qui garantit disponibilit\u00e9 et d\u00e9monstrations<\/h3>\n<p>[\/vc_column_text][vc_separator type=\u00a0\u00bbtransparent\u00a0\u00bb up=\u00a0\u00bb14&Prime; down=\u00a0\u00bb0&Prime;][vc_column_text]<\/p>\n<ul>\n<li>300 m\u00b2 de bureaux r\u00e9serv\u00e9s \u00e0 l&rsquo;accueil de nos clients et un \u00ab show room pour d\u00e9couvrir les\u00a0<strong>solutions <\/strong>mat\u00e9rielles et logicielles de\u00a0<strong>gestion d&rsquo;impression<\/strong><\/li>\n<li>Un vaste choix de solutions adapt\u00e9es \u00e0 vos besoins, de l&rsquo;imprimante individuelle de bureau au\u00a0<strong>traceur <\/strong>pour architecte<\/li>\n<li><strong>Des sp\u00e9cialistes et une assistance toujours disponibles<\/strong><\/li>\n<li>Une <a href=\"http:\/\/www.tetedefense.fr\/index.php\/2014-01-08-10-41-10\/sav-et-support-canon\"><strong>hotline<\/strong> canon<\/a> bas\u00e9e dans nos locaux et une garantie de tranquillit\u00e9 avec un\u00a0<strong>d\u00e9pannage dans les 6h.<\/strong><\/li>\n<\/ul>\n<p>[\/vc_column_text][\/vc_column][\/vc_row]<\/p>\n","protected":false},"excerpt":{"rendered":"<p>[vc_row css_animation=\u00a0\u00bb\u00a0\u00bb row_type=\u00a0\u00bbrow\u00a0\u00bb use_row_as_full_screen_section=\u00a0\u00bbno\u00a0\u00bb type=\u00a0\u00bbgrid\u00a0\u00bb anchor=\u00a0\u00bbportfolio\u00a0\u00bb angled_section=\u00a0\u00bbno\u00a0\u00bb text_align=\u00a0\u00bbleft\u00a0\u00bb background_image_as_pattern=\u00a0\u00bbwithout_pattern\u00a0\u00bb background_color=\u00a0\u00bb#f8f8f8&Prime; padding_top=\u00a0\u00bb90&Prime; padding_bottom=\u00a0\u00bb32&Prime; z_index=\u00a0\u00bb\u00a0\u00bb][vc_column width=\u00a0\u00bb1\/2&Prime;][vc_single_image image=\u00a0\u00bb16498&Prime; img_size=\u00a0\u00bbfull\u00a0\u00bb alignment=\u00a0\u00bbcenter\u00a0\u00bb qode_css_animation=\u00a0\u00bbelement_from_left\u00a0\u00bb transition_delay=\u00a0\u00bb0.2&Prime;][\/vc_column][vc_column width=\u00a0\u00bb1\/2&Prime;][vc_column_text] Les solutions \u00e9conomiques\u00a0T\u00eate D\u00e9fense [\/vc_column_text][vc_separator type=\u00a0\u00bbtransparent\u00a0\u00bb up=\u00a0\u00bb12&Prime; down=\u00a0\u00bb0&Prime;][vc_column_text]Pour r\u00e9aliser le choix optimal en ce qui concerne le mat\u00e9riel (imprimantes multifonctions, photocopieur couleur&#8230;), nous serons \u00e0&#8230;<\/p>\n","protected":false},"author":1,"featured_media":0,"parent":0,"menu_order":0,"comment_status":"open","ping_status":"closed","template":"full_width.php","meta":{"footnotes":""},"class_list":["post-15042","page","type-page","status-publish","hentry"],"_links":{"self":[{"href":"http:\/\/www.tetedefense.fr\/index.php\/wp-json\/wp\/v2\/pages\/15042","targetHints":{"allow":["GET"]}}],"collection":[{"href":"http:\/\/www.tetedefense.fr\/index.php\/wp-json\/wp\/v2\/pages"}],"about":[{"href":"http:\/\/www.tetedefense.fr\/index.php\/wp-json\/wp\/v2\/types\/page"}],"author":[{"embeddable":true,"href":"http:\/\/www.tetedefense.fr\/index.php\/wp-json\/wp\/v2\/users\/1"}],"replies":[{"embeddable":true,"href":"http:\/\/www.tetedefense.fr\/index.php\/wp-json\/wp\/v2\/comments?post=15042"}],"version-history":[{"count":59,"href":"http:\/\/www.tetedefense.fr\/index.php\/wp-json\/wp\/v2\/pages\/15042\/revisions"}],"predecessor-version":[{"id":16497,"href":"http:\/\/www.tetedefense.fr\/index.php\/wp-json\/wp\/v2\/pages\/15042\/revisions\/16497"}],"wp:attachment":[{"href":"http:\/\/www.tetedefense.fr\/index.php\/wp-json\/wp\/v2\/media?parent=15042"}],"curies":[{"name":"wp","href":"https:\/\/api.w.org\/{rel}","templated":true}]}}