{"id":15236,"date":"2021-01-16T09:00:33","date_gmt":"2021-01-16T08:00:33","guid":{"rendered":"http:\/\/demo.qodeinteractive.com\/bridge9\/?page_id=15236"},"modified":"2021-02-19T10:21:47","modified_gmt":"2021-02-19T09:21:47","slug":"telephonie","status":"publish","type":"page","link":"http:\/\/www.tetedefense.fr\/index.php\/telephonie\/","title":{"rendered":"T\u00e9l\u00e9phonie"},"content":{"rendered":"<p>[vc_row css_animation=\u00a0\u00bb\u00a0\u00bb row_type=\u00a0\u00bbrow\u00a0\u00bb use_row_as_full_screen_section=\u00a0\u00bbno\u00a0\u00bb type=\u00a0\u00bbgrid\u00a0\u00bb anchor=\u00a0\u00bbportfolio\u00a0\u00bb angled_section=\u00a0\u00bbno\u00a0\u00bb text_align=\u00a0\u00bbleft\u00a0\u00bb background_image_as_pattern=\u00a0\u00bbwithout_pattern\u00a0\u00bb background_color=\u00a0\u00bb#f1f1f1&Prime; padding_top=\u00a0\u00bb90&Prime; padding_bottom=\u00a0\u00bb0&Prime; css=\u00a0\u00bb.vc_custom_1611618575409{background-color: #ffffff !important;}\u00a0\u00bb z_index=\u00a0\u00bb\u00a0\u00bb][vc_column width=\u00a0\u00bb1\/2&Prime;][vc_separator type=\u00a0\u00bbtransparent\u00a0\u00bb up=\u00a0\u00bb60&Prime; down=\u00a0\u00bb0&Prime;][vc_column_text]<\/p>\n<h2>T\u00e9l\u00e9phonie<\/h2>\n<p>[\/vc_column_text][vc_separator type=\u00a0\u00bbtransparent\u00a0\u00bb up=\u00a0\u00bb12&Prime; down=\u00a0\u00bb0&Prime;][vc_column_text]T\u00eate D\u00e9fense propose des solutions de t\u00e9l\u00e9phonie sur IP professionnelle regroup\u00e9es dans une offre globale propos\u00e9e en partenariat avec Tel4B.<br \/>\nQue vous travaillez \u00e0 la maison, que vous soyez en d\u00e9placement ou au bureau, restez constamment joignable quand vous en avez besoin.<br \/>\nLa richesse de l\u2019offre permet d\u2019apporter des r\u00e9ponses personnalis\u00e9es parfaitement adapt\u00e9es aux besoins d\u2019entreprises de tout type.[\/vc_column_text][vc_empty_space][vc_column_text]<\/p>\n<h3><span class=\"s5-icon-title\">Cloud &amp; IP, une tendance forte<\/span><\/h3>\n<p>[\/vc_column_text][vc_separator type=\u00a0\u00bbtransparent\u00a0\u00bb up=\u00a0\u00bb12&Prime; down=\u00a0\u00bb0&Prime;][vc_column_text]Les solutions IP h\u00e9berg\u00e9es r\u00e9pondent aux exigences techniques \u00e0 venir (fin du RTC) dans un budget ma\u00eetris\u00e9. Peu de contraintes mat\u00e9riel, vous vous concentrez sur le pilotage, la supervision et la sensibilisation de vos collaborateurs aux fonctionnalit\u00e9s collaboratives.[\/vc_column_text][vc_empty_space][vc_column_text]<\/p>\n<h3><span class=\"s5-icon-title\">Une \u00e9quipe d&rsquo;experts disponibles &amp; comp\u00e9tents<\/span><\/h3>\n<p>[\/vc_column_text][vc_separator type=\u00a0\u00bbtransparent\u00a0\u00bb up=\u00a0\u00bb12&Prime; down=\u00a0\u00bb0&Prime;][vc_column_text]A tous les stades du projet, vous b\u00e9n\u00e9ficiez d&rsquo;un suivi assur\u00e9 par des personnes bien identifi\u00e9es : Ing\u00e9nieur Commercial, Consultant avant-vente, Chef de projet, Technicien Service Client&#8230; bas\u00e9s en France, tous se coordonnent pour vous apporter le meilleur service.[\/vc_column_text][vc_empty_space][vc_column_text]<\/p>\n<h3><span class=\"s5-icon-title\">Portabilit\u00e9 une \u00e9tape primordiale&#8230;<\/span><\/h3>\n<p>[\/vc_column_text][vc_separator type=\u00a0\u00bbtransparent\u00a0\u00bb up=\u00a0\u00bb12&Prime; down=\u00a0\u00bb0&Prime;][vc_column_text]&#8230;pour assurer la continuit\u00e9 du service lors du changement d&rsquo;op\u00e9rateur. Un interlocuteur d\u00e9di\u00e9 vous accompagne lors de la proc\u00e9dure pour assurer sa r\u00e9ussite et vous informer de son avanc\u00e9e.[\/vc_column_text][\/vc_column][vc_column width=\u00a0\u00bb1\/2&Prime;][vc_single_image image=\u00a0\u00bb16391&Prime; img_size=\u00a0\u00bbfull\u00a0\u00bb alignment=\u00a0\u00bbcenter\u00a0\u00bb qode_css_animation=\u00a0\u00bbelement_from_right\u00a0\u00bb transition_delay=\u00a0\u00bb0.4&Prime;][vc_separator type=\u00a0\u00bbtransparent\u00a0\u00bb up=\u00a0\u00bb89&Prime; down=\u00a0\u00bb0&Prime;][\/vc_column][\/vc_row]<\/p>\n","protected":false},"excerpt":{"rendered":"<p>[vc_row css_animation=\u00a0\u00bb\u00a0\u00bb row_type=\u00a0\u00bbrow\u00a0\u00bb use_row_as_full_screen_section=\u00a0\u00bbno\u00a0\u00bb type=\u00a0\u00bbgrid\u00a0\u00bb anchor=\u00a0\u00bbportfolio\u00a0\u00bb angled_section=\u00a0\u00bbno\u00a0\u00bb text_align=\u00a0\u00bbleft\u00a0\u00bb background_image_as_pattern=\u00a0\u00bbwithout_pattern\u00a0\u00bb background_color=\u00a0\u00bb#f1f1f1&Prime; padding_top=\u00a0\u00bb90&Prime; padding_bottom=\u00a0\u00bb0&Prime; css=\u00a0\u00bb.vc_custom_1611618575409{background-color: #ffffff !important;}\u00a0\u00bb z_index=\u00a0\u00bb\u00a0\u00bb][vc_column width=\u00a0\u00bb1\/2&Prime;][vc_separator type=\u00a0\u00bbtransparent\u00a0\u00bb up=\u00a0\u00bb60&Prime; down=\u00a0\u00bb0&Prime;][vc_column_text] T\u00e9l\u00e9phonie [\/vc_column_text][vc_separator type=\u00a0\u00bbtransparent\u00a0\u00bb up=\u00a0\u00bb12&Prime; down=\u00a0\u00bb0&Prime;][vc_column_text]T\u00eate D\u00e9fense propose des solutions de t\u00e9l\u00e9phonie sur IP professionnelle regroup\u00e9es dans une offre globale propos\u00e9e en partenariat avec Tel4B. Que&#8230;<\/p>\n","protected":false},"author":1,"featured_media":0,"parent":0,"menu_order":0,"comment_status":"open","ping_status":"closed","template":"full_width.php","meta":{"footnotes":""},"class_list":["post-15236","page","type-page","status-publish","hentry"],"_links":{"self":[{"href":"http:\/\/www.tetedefense.fr\/index.php\/wp-json\/wp\/v2\/pages\/15236","targetHints":{"allow":["GET"]}}],"collection":[{"href":"http:\/\/www.tetedefense.fr\/index.php\/wp-json\/wp\/v2\/pages"}],"about":[{"href":"http:\/\/www.tetedefense.fr\/index.php\/wp-json\/wp\/v2\/types\/page"}],"author":[{"embeddable":true,"href":"http:\/\/www.tetedefense.fr\/index.php\/wp-json\/wp\/v2\/users\/1"}],"replies":[{"embeddable":true,"href":"http:\/\/www.tetedefense.fr\/index.php\/wp-json\/wp\/v2\/comments?post=15236"}],"version-history":[{"count":61,"href":"http:\/\/www.tetedefense.fr\/index.php\/wp-json\/wp\/v2\/pages\/15236\/revisions"}],"predecessor-version":[{"id":16447,"href":"http:\/\/www.tetedefense.fr\/index.php\/wp-json\/wp\/v2\/pages\/15236\/revisions\/16447"}],"wp:attachment":[{"href":"http:\/\/www.tetedefense.fr\/index.php\/wp-json\/wp\/v2\/media?parent=15236"}],"curies":[{"name":"wp","href":"https:\/\/api.w.org\/{rel}","templated":true}]}}