{"id":16026,"date":"2021-01-19T08:50:18","date_gmt":"2021-01-19T07:50:18","guid":{"rendered":"http:\/\/www.tetedefense.fr\/?page_id=16026"},"modified":"2021-02-19T10:18:49","modified_gmt":"2021-02-19T09:18:49","slug":"societe","status":"publish","type":"page","link":"http:\/\/www.tetedefense.fr\/index.php\/societe\/","title":{"rendered":"Soci\u00e9t\u00e9"},"content":{"rendered":"<p>[vc_row css_animation=\u00a0\u00bb\u00a0\u00bb row_type=\u00a0\u00bbrow\u00a0\u00bb use_row_as_full_screen_section=\u00a0\u00bbno\u00a0\u00bb type=\u00a0\u00bbgrid\u00a0\u00bb angled_section=\u00a0\u00bbno\u00a0\u00bb text_align=\u00a0\u00bbleft\u00a0\u00bb background_image_as_pattern=\u00a0\u00bbwithout_pattern\u00a0\u00bb padding_top=\u00a0\u00bb67&Prime; padding_bottom=\u00a0\u00bb0&Prime; z_index=\u00a0\u00bb\u00a0\u00bb][vc_column width=\u00a0\u00bb1\/2&Prime;][vc_column_text]<\/p>\n<h2 style=\"text-align: center;\">Plus de 20 ans d&rsquo;expertise<\/h2>\n<p>[\/vc_column_text][vc_separator type=\u00a0\u00bbsmall\u00a0\u00bb position=\u00a0\u00bbcenter\u00a0\u00bb up=\u00a0\u00bb7&Prime; down=\u00a0\u00bb38&Prime;][vc_column_text]S.A. au capital de 440 000 \u20acuros cr\u00e9\u00e9e en 1994, la soci\u00e9t\u00e9 T\u00eate D\u00e9fense est anim\u00e9e par une \u00e9quipe de sp\u00e9cialistes b\u00e9n\u00e9ficiant d\u2019une exp\u00e9rience solide et confirm\u00e9e dans les domaines de la bureautique (<strong><span class=\"rouge\">photocopieurs canon, photocopieur multifonction<\/span><\/strong>) et de l\u2019informatique (<strong><span class=\"rouge\">logiciel d\u2019impression<\/span><\/strong>, etc.).<br \/>\nDistributeur exclusif et <strong class=\"rouge\">revendeur Canon \u00e0 Paris<\/strong>, T\u00eate d\u00e9fense est une entreprise forte de plus de 20 ann\u00e9es d\u2019exp\u00e9rience.[\/vc_column_text][vc_separator type=\u00a0\u00bbtransparent\u00a0\u00bb up=\u00a0\u00bb31&Prime; down=\u00a0\u00bb19&Prime;][\/vc_column][vc_column width=\u00a0\u00bb1\/2&Prime;][vc_column_text]<\/p>\n<h2 style=\"text-align: center;\">Deux domaines d\u2019excellence<\/h2>\n<p>[\/vc_column_text][vc_separator type=\u00a0\u00bbsmall\u00a0\u00bb position=\u00a0\u00bbcenter\u00a0\u00bb up=\u00a0\u00bb7&Prime; down=\u00a0\u00bb35&Prime;][vc_column_text]Expert de premier plan en mati\u00e8re de <strong><span class=\"rouge\">solutions d\u2019impression<\/span><\/strong> num\u00e9rique \u00e9volutive, le Groupe T\u00eate D\u00e9fense est aujourd\u2019hui un acteur incontournable pour votre \u00e9volution.<br \/>\nT\u00eate D\u00e9fense met \u00e0 la disposition de sa client\u00e8le tout un \u00e9ventail de service allant de <strong class=\"rouge\">l\u2019audit d\u2019impression<\/strong>, \u00e0 la location de <strong class=\"rouge\">photocopieurs professionnels<\/strong> en proposant \u00e9galement un <strong class=\"rouge\">service apr\u00e8s-vente Canon<\/strong>. Le <strong class=\"rouge\">p\u00f4le informatique<\/strong> sera \u00e0 votre \u00e9coute pour tous vos projets concernant vos syst\u00e8mes d\u2019information \u00e9galement.[\/vc_column_text][\/vc_column][\/vc_row][vc_row css_animation=\u00a0\u00bb\u00a0\u00bb row_type=\u00a0\u00bbrow\u00a0\u00bb use_row_as_full_screen_section=\u00a0\u00bbno\u00a0\u00bb type=\u00a0\u00bbgrid\u00a0\u00bb angled_section=\u00a0\u00bbno\u00a0\u00bb text_align=\u00a0\u00bbleft\u00a0\u00bb background_image_as_pattern=\u00a0\u00bbwithout_pattern\u00a0\u00bb background_color=\u00a0\u00bb#ffffff\u00a0\u00bb padding_top=\u00a0\u00bb32&Prime; padding_bottom=\u00a0\u00bb64&Prime; el_class=\u00a0\u00bbcustom_color\u00a0\u00bb z_index=\u00a0\u00bb\u00a0\u00bb][vc_column][vc_column_text]<\/p>\n<h4 style=\"text-align: center;\">Nous avons d\u00e9velopp\u00e9 des processus de travail garantissant un service personnalis\u00e9, \u00e9volutif et haut de gamme \u00e0 chacun de nos clients.<\/h4>\n<p>[\/vc_column_text][vc_separator type=\u00a0\u00bbtransparent\u00a0\u00bb up=\u00a0\u00bb48&Prime; down=\u00a0\u00bb0&Prime;][qode_circles columns=\u00a0\u00bbfive_columns\u00a0\u00bb circle_line=\u00a0\u00bbno_line\u00a0\u00bb][qode_circle type=\u00a0\u00bbicon_type\u00a0\u00bb icon=\u00a0\u00bbfa-american-sign-language-interpreting\u00a0\u00bb size=\u00a0\u00bbfa-3x\u00a0\u00bb title=\u00a0\u00bbEcoute\u00a0\u00bb][qode_circle type=\u00a0\u00bbicon_type\u00a0\u00bb icon=\u00a0\u00bbfa-magic\u00a0\u00bb size=\u00a0\u00bbfa-3x\u00a0\u00bb title=\u00a0\u00bbSolution\u00a0\u00bb][qode_circle type=\u00a0\u00bbicon_type\u00a0\u00bb icon=\u00a0\u00bbfa-signal\u00a0\u00bb size=\u00a0\u00bbfa-3x\u00a0\u00bb title=\u00a0\u00bbDeveloppement\u00a0\u00bb][qode_circle type=\u00a0\u00bbicon_type\u00a0\u00bb icon=\u00a0\u00bbfa-arrow-circle-o-right\u00a0\u00bb size=\u00a0\u00bbfa-3x\u00a0\u00bb title=\u00a0\u00bbSuivi\u00a0\u00bb][qode_circle type=\u00a0\u00bbicon_type\u00a0\u00bb icon=\u00a0\u00bbfa-check-circle\u00a0\u00bb size=\u00a0\u00bbfa-3x\u00a0\u00bb title=\u00a0\u00bbSatisfaction\u00a0\u00bb][\/qode_circles][\/vc_column][\/vc_row][vc_row css_animation=\u00a0\u00bb\u00a0\u00bb row_type=\u00a0\u00bbrow\u00a0\u00bb use_row_as_full_screen_section=\u00a0\u00bbno\u00a0\u00bb type=\u00a0\u00bbgrid\u00a0\u00bb angled_section=\u00a0\u00bbno\u00a0\u00bb text_align=\u00a0\u00bbleft\u00a0\u00bb background_image_as_pattern=\u00a0\u00bbwithout_pattern\u00a0\u00bb background_color=\u00a0\u00bb#ffffff\u00a0\u00bb padding_top=\u00a0\u00bb1&Prime; padding_bottom=\u00a0\u00bb72&Prime;][vc_column width=\u00a0\u00bb1\/2&Prime;][vc_single_image image=\u00a0\u00bb16111&Prime; img_size=\u00a0\u00bbfull\u00a0\u00bb alignment=\u00a0\u00bbcenter\u00a0\u00bb qode_css_animation=\u00a0\u00bbelement_from_left\u00a0\u00bb transition_delay=\u00a0\u00bb0.3&Prime;][\/vc_column][vc_column width=\u00a0\u00bb1\/2&Prime;][vc_column_text]<\/p>\n<h2 style=\"text-align: left;\">Une proximit\u00e9 de qualit\u00e9<\/h2>\n<p>[\/vc_column_text][vc_separator type=\u00a0\u00bbtransparent\u00a0\u00bb up=\u00a0\u00bb14&Prime; down=\u00a0\u00bb0&Prime;][vc_column_text]<\/p>\n<p style=\"text-align: left;\">Implant\u00e9e dans les Hauts-de-Seine, nous rayonnons sur toute la R\u00e9gion Parisienne.<br \/>\nFort de son exp\u00e9rience et de la comp\u00e9tence de ses \u00e9quipes, T\u00eate D\u00e9fense s\u2019inscrit dans une politique de totale satisfaction client. Avec une forte croissance annuelle, nous sommes aujourd\u2019hui une structure solide qui affiche une belle sant\u00e9 et une dynamique de progr\u00e8s permanent. C\u2019est pourquoi nous pensons pouvoir \u00eatre un fournisseur comp\u00e9tent et majeur dans vos futures n\u00e9gociations.<\/p>\n<p>[\/vc_column_text][vc_separator type=\u00a0\u00bbtransparent\u00a0\u00bb up=\u00a0\u00bb14&Prime; down=\u00a0\u00bb0&Prime;][\/vc_column][\/vc_row][vc_row css_animation=\u00a0\u00bb\u00a0\u00bb row_type=\u00a0\u00bbrow\u00a0\u00bb use_row_as_full_screen_section=\u00a0\u00bbno\u00a0\u00bb type=\u00a0\u00bbgrid\u00a0\u00bb angled_section=\u00a0\u00bbno\u00a0\u00bb text_align=\u00a0\u00bbleft\u00a0\u00bb background_image_as_pattern=\u00a0\u00bbwithout_pattern\u00a0\u00bb background_color=\u00a0\u00bb#f8f8f8&Prime; padding_top=\u00a0\u00bb72&Prime; padding_bottom=\u00a0\u00bb0&Prime;][vc_column width=\u00a0\u00bb1\/2&Prime;][vc_column_text]<\/p>\n<h2 style=\"text-align: right;\">Une \u00e9quipe \u00e0 votre \u00e9coute<\/h2>\n<p>[\/vc_column_text][vc_separator type=\u00a0\u00bbtransparent\u00a0\u00bb up=\u00a0\u00bb14&Prime; down=\u00a0\u00bb0&Prime;][vc_column_text]<\/p>\n<p style=\"text-align: right;\">Premi\u00e8re image externe de la comp\u00e9tence de notre entreprise, de la ma\u00eetrise du m\u00e9tier et de la performance de ses outils, notre <strong>Service Commercial<\/strong> est constitu\u00e9 d\u2019\u00e9l\u00e9ments majeurs d\u00e9terminants. Au premier rang, une \u00e9quipe de commerciaux efficaces et \u00e0 l\u2019\u00e9coute de vos besoins.<br \/>\nAu m\u00eame niveau, le \u00ab show room \u00bb, vaste espace convivial, assure la validation des solutions mat\u00e9rielles et <strong class=\"rouge\">logiciel de gestion d\u2019imprimante<\/strong> retenues dans votre configuration. Notre <strong class=\"rouge\">service apr\u00e8s-vente canon<\/strong> est bas\u00e9 sur la proximit\u00e9 et l\u2019\u00e9coute de nos clients. Entreprise fran\u00e7aise, nous mettons un point d\u2019honneur \u00e0 ne pas d\u00e9localiser cette activit\u00e9. Notre <strong class=\"rouge\">hot line canon<\/strong> est bas\u00e9e \u00e0 Puteaux, dans nos locaux.Deux assistantes polyvalentes forment une \u00e9quipe qualifi\u00e9e pour assurer la meilleure gestion de la relation client. Nous sommes \u00e0 votre \u00e9coute de 9h \u00e0 17h30 sans interruption et nous nous chargeons de r\u00e9pondre \u00e0 vos demandes au plus vite.<\/p>\n<p>[\/vc_column_text][vc_separator type=\u00a0\u00bbtransparent\u00a0\u00bb up=\u00a0\u00bb14&Prime; down=\u00a0\u00bb0&Prime;][\/vc_column][vc_column width=\u00a0\u00bb1\/2&Prime;][vc_single_image image=\u00a0\u00bb16124&Prime; img_size=\u00a0\u00bbfull\u00a0\u00bb alignment=\u00a0\u00bbcenter\u00a0\u00bb qode_css_animation=\u00a0\u00bbelement_from_right\u00a0\u00bb transition_delay=\u00a0\u00bb0.6&Prime;][vc_separator type=\u00a0\u00bbtransparent\u00a0\u00bb up=\u00a0\u00bb71&Prime; down=\u00a0\u00bb0&Prime;][\/vc_column][\/vc_row][vc_row css_animation=\u00a0\u00bb\u00a0\u00bb row_type=\u00a0\u00bbrow\u00a0\u00bb use_row_as_full_screen_section=\u00a0\u00bbno\u00a0\u00bb type=\u00a0\u00bbgrid\u00a0\u00bb angled_section=\u00a0\u00bbno\u00a0\u00bb text_align=\u00a0\u00bbleft\u00a0\u00bb background_image_as_pattern=\u00a0\u00bbwithout_pattern\u00a0\u00bb background_color=\u00a0\u00bb#ffffff\u00a0\u00bb padding_top=\u00a0\u00bb72&Prime; padding_bottom=\u00a0\u00bb72&Prime;][vc_column width=\u00a0\u00bb1\/2&Prime;][vc_single_image image=\u00a0\u00bb16122&Prime; img_size=\u00a0\u00bbfull\u00a0\u00bb alignment=\u00a0\u00bbcenter\u00a0\u00bb qode_css_animation=\u00a0\u00bbelement_from_left\u00a0\u00bb transition_delay=\u00a0\u00bb0.3&Prime;][\/vc_column][vc_column width=\u00a0\u00bb1\/2&Prime;][vc_column_text]<\/p>\n<h2 style=\"text-align: left;\">Des hommes qualifi\u00e9s<\/h2>\n<p>[\/vc_column_text][vc_separator type=\u00a0\u00bbtransparent\u00a0\u00bb up=\u00a0\u00bb14&Prime; down=\u00a0\u00bb0&Prime;][vc_column_text]<\/p>\n<p style=\"text-align: left;\">Notre <strong>Service Technique<\/strong> est disponible et organis\u00e9 de mani\u00e8re \u00e0 ce que nos clients soient d\u00e9pann\u00e9s dans les 6h. L\u2019\u00e9quipe technique est pourvue de personnes qualifi\u00e9es et volontaires. Elle assure et consolide la qualit\u00e9 des services de l\u2019entreprise.Parfaitement au fait des derni\u00e8res \u00e9volutions des mat\u00e9riels, la qualit\u00e9 de chaque intervention est un gage de totale satisfaction.Notre atelier de 300m\u00b2 dispose d\u2019un stock de <strong class=\"rouge\">pi\u00e8ces d\u00e9tach\u00e9es Canon<\/strong> d\u2019usage courante et de l\u2019ensemble des consommables qui nous permettent une excellente r\u00e9activit\u00e9. Gr\u00e2ce \u00e0 un audit, vous serez conseill\u00e9s et vous aurez un accompagnement personnalis\u00e9 pour la <strong class=\"rouge\">gestion des impressions<\/strong> et vos projets informatiques.<\/p>\n<p>[\/vc_column_text][vc_separator type=\u00a0\u00bbtransparent\u00a0\u00bb up=\u00a0\u00bb14&Prime; down=\u00a0\u00bb0&Prime;][\/vc_column][\/vc_row][vc_row css_animation=\u00a0\u00bb\u00a0\u00bb row_type=\u00a0\u00bbrow\u00a0\u00bb use_row_as_full_screen_section=\u00a0\u00bbno\u00a0\u00bb type=\u00a0\u00bbgrid\u00a0\u00bb angled_section=\u00a0\u00bbno\u00a0\u00bb text_align=\u00a0\u00bbleft\u00a0\u00bb background_image_as_pattern=\u00a0\u00bbwithout_pattern\u00a0\u00bb background_color=\u00a0\u00bb#f8f8f8&Prime; padding_top=\u00a0\u00bb72&Prime; padding_bottom=\u00a0\u00bb0&Prime;][vc_column width=\u00a0\u00bb1\/2&Prime;][vc_column_text]<\/p>\n<h2 style=\"text-align: right;\">Des comp\u00e9tences \u00e0 votre service<\/h2>\n<p>[\/vc_column_text][vc_separator type=\u00a0\u00bbtransparent\u00a0\u00bb up=\u00a0\u00bb14&Prime; down=\u00a0\u00bb0&Prime;][vc_column_text]<\/p>\n<p style=\"text-align: right;\">Notre <strong>P\u00f4le Informatique<\/strong> vous proposera des solutions sur-mesure allant de l\u2019infog\u00e9rance \u00e0 la mise en place des r\u00e9seaux et de serveurs jusqu\u2019\u00e0<strong class=\"rouge\"> l\u2019impression num\u00e9rique<\/strong> grand format. En parfaite ad\u00e9quation avec le service commercial, leur r\u00f4le est fondamental pour garantir le succ\u00e8s de toute op\u00e9ration. Une des grandes valeurs ajout\u00e9es du groupe, ce p\u00f4le de comp\u00e9tences de sp\u00e9cialistes confirm\u00e9s est form\u00e9 \u00ab d\u2019hommes syst\u00e8me informatique \u00bb certifi\u00e9s MCP (Microsoft Certified Professional).<\/p>\n<p>[\/vc_column_text][vc_separator type=\u00a0\u00bbtransparent\u00a0\u00bb up=\u00a0\u00bb14&Prime; down=\u00a0\u00bb0&Prime;][\/vc_column][vc_column width=\u00a0\u00bb1\/2&Prime;][vc_single_image image=\u00a0\u00bb16125&Prime; img_size=\u00a0\u00bbfull\u00a0\u00bb alignment=\u00a0\u00bbcenter\u00a0\u00bb qode_css_animation=\u00a0\u00bbelement_from_right\u00a0\u00bb transition_delay=\u00a0\u00bb0.6&Prime;][vc_separator type=\u00a0\u00bbtransparent\u00a0\u00bb up=\u00a0\u00bb71&Prime; down=\u00a0\u00bb0&Prime;][\/vc_column][\/vc_row][vc_row css_animation=\u00a0\u00bb\u00a0\u00bb row_type=\u00a0\u00bbrow\u00a0\u00bb use_row_as_full_screen_section=\u00a0\u00bbno\u00a0\u00bb type=\u00a0\u00bbgrid\u00a0\u00bb angled_section=\u00a0\u00bbno\u00a0\u00bb text_align=\u00a0\u00bbleft\u00a0\u00bb background_image_as_pattern=\u00a0\u00bbwithout_pattern\u00a0\u00bb padding_top=\u00a0\u00bb70&Prime; padding_bottom=\u00a0\u00bb71&Prime;][vc_column][vc_column_text]<\/p>\n<h2 style=\"text-align: center;\">\u00a0Nos partenaires<\/h2>\n<p>[\/vc_column_text][vc_empty_space height=\u00a0\u00bb15px\u00a0\u00bb]<div class='qode_carousels_holder clearfix'><div class='qode_carousels' data-number-of-visible-items=''><ul class='slides'><li class='item'><div class=\"carousel_item_holder\"><span class='first_image_holder has_hover_image'><img decoding=\"async\" itemprop=\"image\" src=\"http:\/\/www.tetedefense.fr\/wp-content\/uploads\/2020\/11\/watch_NB.jpg\" alt=\"carousel image\" \/><\/span><span class='second_image_holder has_hover_image'><img decoding=\"async\" itemprop=\"image\" src=\"http:\/\/www.tetedefense.fr\/wp-content\/uploads\/2020\/11\/watch.jpg\" alt=\"carousel image\" \/><\/span><\/div><\/li><li class='item'><div class=\"carousel_item_holder\"><span class='first_image_holder has_hover_image'><img decoding=\"async\" itemprop=\"image\" src=\"http:\/\/www.tetedefense.fr\/wp-content\/uploads\/2020\/11\/service_client_NB.jpg\" alt=\"carousel image\" \/><\/span><span class='second_image_holder has_hover_image'><img decoding=\"async\" itemprop=\"image\" src=\"http:\/\/www.tetedefense.fr\/wp-content\/uploads\/2020\/11\/service_client.jpg\" alt=\"carousel image\" \/><\/span><\/div><\/li><li class='item'><div class=\"carousel_item_holder\"><span class='first_image_holder has_hover_image'><img decoding=\"async\" itemprop=\"image\" src=\"http:\/\/www.tetedefense.fr\/wp-content\/uploads\/2020\/11\/microsoft_NB.jpg\" alt=\"carousel image\" \/><\/span><span class='second_image_holder has_hover_image'><img decoding=\"async\" itemprop=\"image\" src=\"http:\/\/www.tetedefense.fr\/wp-content\/uploads\/2020\/11\/microsoft.jpg\" alt=\"carousel image\" \/><\/span><\/div><\/li><li class='item'><div class=\"carousel_item_holder\"><span class='first_image_holder has_hover_image'><img decoding=\"async\" itemprop=\"image\" src=\"http:\/\/www.tetedefense.fr\/wp-content\/uploads\/2020\/11\/Logo_Eaton_Poweradvantage_Agree_NB.jpg\" alt=\"carousel image\" \/><\/span><span class='second_image_holder has_hover_image'><img decoding=\"async\" itemprop=\"image\" src=\"http:\/\/www.tetedefense.fr\/wp-content\/uploads\/2020\/11\/Logo_Eaton_Poweradvantage_Agree.jpg\" alt=\"carousel image\" \/><\/span><\/div><\/li><li class='item'><div class=\"carousel_item_holder\"><span class='first_image_holder has_hover_image'><img decoding=\"async\" itemprop=\"image\" src=\"http:\/\/www.tetedefense.fr\/wp-content\/uploads\/2020\/11\/aruba_NB.jpg\" alt=\"carousel image\" \/><\/span><span class='second_image_holder has_hover_image'><img decoding=\"async\" itemprop=\"image\" src=\"http:\/\/www.tetedefense.fr\/wp-content\/uploads\/2020\/11\/aruba.jpg\" alt=\"carousel image\" \/><\/span><\/div><\/li><li class='item'><div class=\"carousel_item_holder\"><span class='first_image_holder has_hover_image'><img decoding=\"async\" itemprop=\"image\" src=\"http:\/\/www.tetedefense.fr\/wp-content\/uploads\/2021\/03\/Logo_canon_2020_NB.jpg\" alt=\"carousel image\" \/><\/span><span class='second_image_holder has_hover_image'><img decoding=\"async\" itemprop=\"image\" src=\"http:\/\/www.tetedefense.fr\/wp-content\/uploads\/2021\/03\/Logo_canon_2020_GOLD.jpg\" alt=\"carousel image\" \/><\/span><\/div><\/li><\/ul><\/div><\/div>[\/vc_column][\/vc_row]<\/p>\n","protected":false},"excerpt":{"rendered":"<p>[vc_row css_animation=\u00a0\u00bb\u00a0\u00bb row_type=\u00a0\u00bbrow\u00a0\u00bb use_row_as_full_screen_section=\u00a0\u00bbno\u00a0\u00bb type=\u00a0\u00bbgrid\u00a0\u00bb angled_section=\u00a0\u00bbno\u00a0\u00bb text_align=\u00a0\u00bbleft\u00a0\u00bb background_image_as_pattern=\u00a0\u00bbwithout_pattern\u00a0\u00bb padding_top=\u00a0\u00bb67&Prime; padding_bottom=\u00a0\u00bb0&Prime; z_index=\u00a0\u00bb\u00a0\u00bb][vc_column width=\u00a0\u00bb1\/2&Prime;][vc_column_text] Plus de 20 ans d&rsquo;expertise [\/vc_column_text][vc_separator type=\u00a0\u00bbsmall\u00a0\u00bb position=\u00a0\u00bbcenter\u00a0\u00bb up=\u00a0\u00bb7&Prime; down=\u00a0\u00bb38&Prime;][vc_column_text]S.A. au capital de 440 000 \u20acuros cr\u00e9\u00e9e en 1994, la soci\u00e9t\u00e9 T\u00eate D\u00e9fense est anim\u00e9e par une \u00e9quipe de sp\u00e9cialistes b\u00e9n\u00e9ficiant d\u2019une exp\u00e9rience&#8230;<\/p>\n","protected":false},"author":1,"featured_media":0,"parent":0,"menu_order":0,"comment_status":"closed","ping_status":"closed","template":"full_width.php","meta":{"footnotes":""},"class_list":["post-16026","page","type-page","status-publish","hentry"],"_links":{"self":[{"href":"http:\/\/www.tetedefense.fr\/index.php\/wp-json\/wp\/v2\/pages\/16026","targetHints":{"allow":["GET"]}}],"collection":[{"href":"http:\/\/www.tetedefense.fr\/index.php\/wp-json\/wp\/v2\/pages"}],"about":[{"href":"http:\/\/www.tetedefense.fr\/index.php\/wp-json\/wp\/v2\/types\/page"}],"author":[{"embeddable":true,"href":"http:\/\/www.tetedefense.fr\/index.php\/wp-json\/wp\/v2\/users\/1"}],"replies":[{"embeddable":true,"href":"http:\/\/www.tetedefense.fr\/index.php\/wp-json\/wp\/v2\/comments?post=16026"}],"version-history":[{"count":25,"href":"http:\/\/www.tetedefense.fr\/index.php\/wp-json\/wp\/v2\/pages\/16026\/revisions"}],"predecessor-version":[{"id":16333,"href":"http:\/\/www.tetedefense.fr\/index.php\/wp-json\/wp\/v2\/pages\/16026\/revisions\/16333"}],"wp:attachment":[{"href":"http:\/\/www.tetedefense.fr\/index.php\/wp-json\/wp\/v2\/media?parent=16026"}],"curies":[{"name":"wp","href":"https:\/\/api.w.org\/{rel}","templated":true}]}}