{"id":16127,"date":"2021-01-19T08:40:31","date_gmt":"2021-01-19T07:40:31","guid":{"rendered":"http:\/\/www.tetedefense.fr\/?page_id=16127"},"modified":"2021-05-21T12:09:46","modified_gmt":"2021-05-21T10:09:46","slug":"eco-responsabilite","status":"publish","type":"page","link":"http:\/\/www.tetedefense.fr\/index.php\/societe\/eco-responsabilite\/","title":{"rendered":"Eco-responsabilit\u00e9"},"content":{"rendered":"<p>[vc_row css_animation=\u00a0\u00bb\u00a0\u00bb row_type=\u00a0\u00bbrow\u00a0\u00bb use_row_as_full_screen_section=\u00a0\u00bbno\u00a0\u00bb type=\u00a0\u00bbgrid\u00a0\u00bb angled_section=\u00a0\u00bbno\u00a0\u00bb text_align=\u00a0\u00bbleft\u00a0\u00bb background_image_as_pattern=\u00a0\u00bbwithout_pattern\u00a0\u00bb background_color=\u00a0\u00bb#ffffff\u00a0\u00bb padding_top=\u00a0\u00bb1&Prime; padding_bottom=\u00a0\u00bb72&Prime;][vc_column][vc_column_text]<\/p>\n<h2 style=\"text-align: center;\">Les produits Canon<\/h2>\n<p>[\/vc_column_text][vc_separator type=\u00a0\u00bbtransparent\u00a0\u00bb up=\u00a0\u00bb14&Prime; down=\u00a0\u00bb0&Prime;][vc_column_text]<\/p>\n<p style=\"text-align: center;\">Canon est une multinationale \u00e9co-responsable. Avec son programme environnemental, Canon concilie l&rsquo;innovation technologique et \u00e9cologie. Dans ce but, ils d\u00e9veloppent des produits et des processus de fabrication ayant un impact minimum sur l&rsquo;environnement.<br \/>\nVoici les grands principes environnementaux de base de Canon\u202f:<\/p>\n<p>[\/vc_column_text][vc_separator type=\u00a0\u00bbtransparent\u00a0\u00bb up=\u00a0\u00bb14&Prime; down=\u00a0\u00bb0&Prime;][\/vc_column][\/vc_row][vc_row css_animation=\u00a0\u00bb\u00a0\u00bb row_type=\u00a0\u00bbrow\u00a0\u00bb use_row_as_full_screen_section=\u00a0\u00bbno\u00a0\u00bb type=\u00a0\u00bbgrid\u00a0\u00bb angled_section=\u00a0\u00bbno\u00a0\u00bb text_align=\u00a0\u00bbleft\u00a0\u00bb background_image_as_pattern=\u00a0\u00bbwithout_pattern\u00a0\u00bb background_color=\u00a0\u00bb#f8f8f8&Prime; padding_top=\u00a0\u00bb72&Prime; padding_bottom=\u00a0\u00bb0&Prime;][vc_column width=\u00a0\u00bb1\/2&Prime;][vc_column_text]<\/p>\n<h4 style=\"text-align: center;\">Principes environnementaux<br \/>\nde base de Canon :<\/h4>\n<p>[\/vc_column_text][vc_separator type=\u00a0\u00bbtransparent\u00a0\u00bb up=\u00a0\u00bb14&Prime; down=\u00a0\u00bb0&Prime;][vc_column_text]<\/p>\n<ol>\n<li>Apporter notre contribution \u00e0 la soci\u00e9t\u00e9 en d\u00e9veloppant des produits et des technologies de production et d\u2019\u00e9valuation et en exer\u00e7ant notre m\u00e9tier conform\u00e9ment aux principes de conservation de l\u2019environnement.<\/li>\n<li>Evaluer l\u2019impact environnemental avant de concevoir et de d\u00e9velopper un produit et fabriquer des produits consommant un minimum de ressources et d\u2019\u00e9nergie.<\/li>\n<li>Adopter des processus de fabrication respectueux de l\u2019environnement \u00e0 l\u2019\u00e9chelle mondiale, en r\u00e9duisant la production de d\u00e9chets et la consommation d\u2019\u00e9nergie.<\/li>\n<li>Travailler en partenariat avec les pouvoirs publics \u00e0 l\u2019\u00e9laboration de strat\u00e9gies environnementales.<\/li>\n<li>Soutenir activement les initiatives de protection de l\u2019environnement, sur le plan local et r\u00e9gional, en bonne entreprise citoyenne.<\/li>\n<li>Acc\u00e9l\u00e9rer la prise de conscience de l\u2019environnement aupr\u00e8s des employ\u00e9s de Canon, en organisant des s\u00e9ances de formation et de sensibilisation.<\/li>\n<\/ol>\n<p>[\/vc_column_text][vc_separator type=\u00a0\u00bbtransparent\u00a0\u00bb up=\u00a0\u00bb14&Prime; down=\u00a0\u00bb0&Prime;][\/vc_column][vc_column width=\u00a0\u00bb1\/2&Prime;][vc_single_image image=\u00a0\u00bb16142&Prime; img_size=\u00a0\u00bbfull\u00a0\u00bb alignment=\u00a0\u00bbcenter\u00a0\u00bb qode_css_animation=\u00a0\u00bbelement_from_right\u00a0\u00bb transition_delay=\u00a0\u00bb0.6&Prime;][vc_separator type=\u00a0\u00bbtransparent\u00a0\u00bb up=\u00a0\u00bb14&Prime; down=\u00a0\u00bb0&Prime;][\/vc_column][\/vc_row][vc_row css_animation=\u00a0\u00bb\u00a0\u00bb row_type=\u00a0\u00bbrow\u00a0\u00bb use_row_as_full_screen_section=\u00a0\u00bbno\u00a0\u00bb type=\u00a0\u00bbgrid\u00a0\u00bb angled_section=\u00a0\u00bbno\u00a0\u00bb text_align=\u00a0\u00bbleft\u00a0\u00bb background_image_as_pattern=\u00a0\u00bbwithout_pattern\u00a0\u00bb background_color=\u00a0\u00bb#ffffff\u00a0\u00bb padding_top=\u00a0\u00bb72&Prime; padding_bottom=\u00a0\u00bb72&Prime;][vc_column width=\u00a0\u00bb1\/2&Prime;][vc_single_image image=\u00a0\u00bb16138&Prime; img_size=\u00a0\u00bbfull\u00a0\u00bb alignment=\u00a0\u00bbcenter\u00a0\u00bb qode_css_animation=\u00a0\u00bbelement_from_left\u00a0\u00bb transition_delay=\u00a0\u00bb0.3&Prime;][\/vc_column][vc_column width=\u00a0\u00bb1\/2&Prime;][vc_column_text]<\/p>\n<h4 style=\"text-align: left;\">L&rsquo;entreprise T\u00eate D\u00e9fense au quotidien<\/h4>\n<p>[\/vc_column_text][vc_separator type=\u00a0\u00bbtransparent\u00a0\u00bb up=\u00a0\u00bb14&Prime; down=\u00a0\u00bb0&Prime;][vc_column_text]<\/p>\n<p style=\"text-align: left;\">La soci\u00e9t\u00e9 T\u00eate D\u00e9fense, souhaite aussi limiter notre impact sur l&rsquo;environnement\u202f:<\/p>\n<ul>\n<li style=\"text-align: left;\">Limitation du carburant : nous nous effor\u00e7ons de regrouper les livraisons d&rsquo;un m\u00eame secteur, de proposer les livraisons de commandes de consommables en m\u00eame temps qu&rsquo;une maintenance de pr\u00e9vue,<\/li>\n<li style=\"text-align: left;\">limiter la consommation d&rsquo;\u00e9lectricit\u00e9 par des gestes simples du quotidien\u202f: utilisation d&rsquo;ampoules basses consommation, extinction des ordinateurs le soir, limitation des mises en veille<\/li>\n<li style=\"text-align: left;\">Utilisation de produits labellis\u00e9s bios pour un maximum de nos besoins (entretien, cuisine&#8230;)<\/li>\n<\/ul>\n<p>[\/vc_column_text][vc_separator type=\u00a0\u00bbtransparent\u00a0\u00bb up=\u00a0\u00bb14&Prime; down=\u00a0\u00bb0&Prime;][\/vc_column][\/vc_row][vc_row css_animation=\u00a0\u00bb\u00a0\u00bb row_type=\u00a0\u00bbrow\u00a0\u00bb use_row_as_full_screen_section=\u00a0\u00bbno\u00a0\u00bb type=\u00a0\u00bbgrid\u00a0\u00bb angled_section=\u00a0\u00bbno\u00a0\u00bb text_align=\u00a0\u00bbleft\u00a0\u00bb background_image_as_pattern=\u00a0\u00bbwithout_pattern\u00a0\u00bb background_color=\u00a0\u00bb#f8f8f8&Prime; padding_top=\u00a0\u00bb72&Prime; padding_bottom=\u00a0\u00bb0&Prime;][vc_column width=\u00a0\u00bb1\/2&Prime;][vc_column_text]<\/p>\n<h4 style=\"text-align: right;\">Le recyclage des consommables<\/h4>\n<p>[\/vc_column_text][vc_separator type=\u00a0\u00bbtransparent\u00a0\u00bb up=\u00a0\u00bb14&Prime; down=\u00a0\u00bb0&Prime;][vc_column_text]<\/p>\n<p style=\"text-align: right;\">De plus, nous travaillons en collaboration avec la soci\u00e9t\u00e9 Conibi pour tout le recyclage de nos cartouches d&rsquo;encre et de toner usag\u00e9es. Sp\u00e9cialis\u00e9 dans la collecte et le recyclage des consommables bureautiques et informatiques aupr\u00e8s des entreprises, Conibi s&rsquo;appuie sur son r\u00e9seau national de collecte pour assurer la prise en charge de l&rsquo;ensemble des d\u00e9chets de bureau.<br \/>\nConscient de l&rsquo;impact des d\u00e9chets mal recycl\u00e9s, T\u00eate D\u00e9fense a cette r\u00e9elle envie de protection de l&rsquo;environnement et d&rsquo;\u00e9voluer durablement.<br \/>\nC&rsquo;est pourquoi nous nous sommes joins \u00e0 Conibi pour le traitement de nos d\u00e9chets.<\/p>\n<p>[\/vc_column_text][vc_empty_space][\/vc_column][vc_column width=\u00a0\u00bb1\/2&Prime;][vc_single_image image=\u00a0\u00bb16132&Prime; img_size=\u00a0\u00bbfull\u00a0\u00bb alignment=\u00a0\u00bbcenter\u00a0\u00bb qode_css_animation=\u00a0\u00bbelement_from_right\u00a0\u00bb transition_delay=\u00a0\u00bb0.6&Prime;][vc_separator type=\u00a0\u00bbtransparent\u00a0\u00bb up=\u00a0\u00bb71&Prime; down=\u00a0\u00bb0&Prime;][\/vc_column][\/vc_row][vc_row css_animation=\u00a0\u00bb\u00a0\u00bb row_type=\u00a0\u00bbrow\u00a0\u00bb use_row_as_full_screen_section=\u00a0\u00bbno\u00a0\u00bb type=\u00a0\u00bbfull_width\u00a0\u00bb angled_section=\u00a0\u00bbno\u00a0\u00bb text_align=\u00a0\u00bbleft\u00a0\u00bb background_image_as_pattern=\u00a0\u00bbwithout_pattern\u00a0\u00bb][vc_column][vc_empty_space][\/vc_column][\/vc_row]<\/p>\n","protected":false},"excerpt":{"rendered":"<p>[vc_row css_animation=\u00a0\u00bb\u00a0\u00bb row_type=\u00a0\u00bbrow\u00a0\u00bb use_row_as_full_screen_section=\u00a0\u00bbno\u00a0\u00bb type=\u00a0\u00bbgrid\u00a0\u00bb angled_section=\u00a0\u00bbno\u00a0\u00bb text_align=\u00a0\u00bbleft\u00a0\u00bb background_image_as_pattern=\u00a0\u00bbwithout_pattern\u00a0\u00bb background_color=\u00a0\u00bb#ffffff\u00a0\u00bb padding_top=\u00a0\u00bb1&Prime; padding_bottom=\u00a0\u00bb72&Prime;][vc_column][vc_column_text] Les produits Canon [\/vc_column_text][vc_separator type=\u00a0\u00bbtransparent\u00a0\u00bb up=\u00a0\u00bb14&Prime; down=\u00a0\u00bb0&Prime;][vc_column_text] Canon est une multinationale \u00e9co-responsable. Avec son programme environnemental, Canon concilie l&rsquo;innovation technologique et \u00e9cologie. Dans ce but, ils d\u00e9veloppent des produits et des processus de fabrication&#8230;<\/p>\n","protected":false},"author":1,"featured_media":0,"parent":16026,"menu_order":0,"comment_status":"closed","ping_status":"closed","template":"full_width.php","meta":{"footnotes":""},"class_list":["post-16127","page","type-page","status-publish","hentry"],"_links":{"self":[{"href":"http:\/\/www.tetedefense.fr\/index.php\/wp-json\/wp\/v2\/pages\/16127","targetHints":{"allow":["GET"]}}],"collection":[{"href":"http:\/\/www.tetedefense.fr\/index.php\/wp-json\/wp\/v2\/pages"}],"about":[{"href":"http:\/\/www.tetedefense.fr\/index.php\/wp-json\/wp\/v2\/types\/page"}],"author":[{"embeddable":true,"href":"http:\/\/www.tetedefense.fr\/index.php\/wp-json\/wp\/v2\/users\/1"}],"replies":[{"embeddable":true,"href":"http:\/\/www.tetedefense.fr\/index.php\/wp-json\/wp\/v2\/comments?post=16127"}],"version-history":[{"count":17,"href":"http:\/\/www.tetedefense.fr\/index.php\/wp-json\/wp\/v2\/pages\/16127\/revisions"}],"predecessor-version":[{"id":16528,"href":"http:\/\/www.tetedefense.fr\/index.php\/wp-json\/wp\/v2\/pages\/16127\/revisions\/16528"}],"up":[{"embeddable":true,"href":"http:\/\/www.tetedefense.fr\/index.php\/wp-json\/wp\/v2\/pages\/16026"}],"wp:attachment":[{"href":"http:\/\/www.tetedefense.fr\/index.php\/wp-json\/wp\/v2\/media?parent=16127"}],"curies":[{"name":"wp","href":"https:\/\/api.w.org\/{rel}","templated":true}]}}