{"id":16448,"date":"2021-01-18T08:50:25","date_gmt":"2021-01-18T07:50:25","guid":{"rendered":"http:\/\/www.tetedefense.fr\/?page_id=16448"},"modified":"2021-02-19T10:20:48","modified_gmt":"2021-02-19T09:20:48","slug":"therefore-et-uniflow","status":"publish","type":"page","link":"http:\/\/www.tetedefense.fr\/index.php\/bureautique\/therefore-et-uniflow\/","title":{"rendered":"Therefore et uniFLOW"},"content":{"rendered":"<p>[vc_row css_animation=\u00a0\u00bb\u00a0\u00bb row_type=\u00a0\u00bbrow\u00a0\u00bb use_row_as_full_screen_section=\u00a0\u00bbno\u00a0\u00bb type=\u00a0\u00bbgrid\u00a0\u00bb anchor=\u00a0\u00bbportfolio\u00a0\u00bb angled_section=\u00a0\u00bbno\u00a0\u00bb text_align=\u00a0\u00bbleft\u00a0\u00bb background_image_as_pattern=\u00a0\u00bbwithout_pattern\u00a0\u00bb background_color=\u00a0\u00bb#f8f8f8&Prime; padding_top=\u00a0\u00bb40&Prime; padding_bottom=\u00a0\u00bb40&Prime; z_index=\u00a0\u00bb\u00a0\u00bb][vc_column width=\u00a0\u00bb1\/2&Prime;][vc_single_image image=\u00a0\u00bb16340&Prime; img_size=\u00a0\u00bbfull\u00a0\u00bb alignment=\u00a0\u00bbcenter\u00a0\u00bb qode_css_animation=\u00a0\u00bbelement_from_bottom\u00a0\u00bb transition_delay=\u00a0\u00bb0.5&Prime; css=\u00a0\u00bb.vc_custom_1611618676880{margin-top: -20px !important;}\u00a0\u00bb][\/vc_column][vc_column width=\u00a0\u00bb1\/2&Prime;][vc_empty_space][vc_column_text]<\/p>\n<h2 style=\"text-align: left;\">Therefore et uniFLOW<\/h2>\n<p>[\/vc_column_text][vc_separator type=\u00a0\u00bbtransparent\u00a0\u00bb up=\u00a0\u00bb12&Prime; down=\u00a0\u00bb0&Prime;][vc_column_text]Aujourd&rsquo;hui plus que jamais, les entreprises doivent donner \u00e0 leurs \u00e9quipes les moyens d&rsquo;\u00eatre productives, de collaborer et de travailler en toute s\u00e9curit\u00e9, o\u00f9 qu&rsquo;elles soient.<br \/>\nQuel que soit l\u2019endroit o\u00f9 les actions sont men\u00e9es, les entreprises doivent s&rsquo;assurer que leurs employ\u00e9s sont capables de faire leur travail efficacement, de la simple t\u00e2che de num\u00e9risation et d&rsquo;impression \u00e0 la prise en charge de flux de travail complexes.[\/vc_column_text][vc_separator type=\u00a0\u00bbtransparent\u00a0\u00bb up=\u00a0\u00bb5&Prime; down=\u00a0\u00bb16&Prime;][vc_row_inner row_type=\u00a0\u00bbrow\u00a0\u00bb type=\u00a0\u00bbfull_width\u00a0\u00bb text_align=\u00a0\u00bbleft\u00a0\u00bb css_animation=\u00a0\u00bb\u00a0\u00bb css=\u00a0\u00bb.vc_custom_1611615745456{background-color: #ffffff !important;}\u00a0\u00bb][vc_column_inner width=\u00a0\u00bb1\/2&Prime;][vc_single_image image=\u00a0\u00bb16342&Prime; img_size=\u00a0\u00bbmedium\u00a0\u00bb qode_css_animation=\u00a0\u00bb\u00a0\u00bb][\/vc_column_inner][vc_column_inner width=\u00a0\u00bb1\/2&Prime;][vc_empty_space][vc_single_image image=\u00a0\u00bb16343&Prime; img_size=\u00a0\u00bbmedium\u00a0\u00bb qode_css_animation=\u00a0\u00bb\u00a0\u00bb][\/vc_column_inner][\/vc_row_inner][vc_empty_space][vc_column_text]<strong>Therefore et uniFLOW Online<\/strong> permettent aux employ\u00e9s d&rsquo;imprimer, de num\u00e9riser, de classer, traiter et archiver les documents strat\u00e9giques de l\u2019entreprise facilement, qu&rsquo;ils travaillent au bureau, depuis chez eux, en d\u00e9placement ou un peu des trois.[\/vc_column_text][\/vc_column][\/vc_row][vc_row row_type=\u00a0\u00bbparallax\u00a0\u00bb parallax_content_width=\u00a0\u00bbfull_width\u00a0\u00bb text_align=\u00a0\u00bbcenter\u00a0\u00bb background_image=\u00a0\u00bb16374&Prime; full_screen_section_height=\u00a0\u00bbno\u00a0\u00bb section_height=\u00a0\u00bb800&Prime; parallax_speed=\u00a0\u00bb2&Prime;][vc_column][\/vc_column][\/vc_row]<\/p>\n","protected":false},"excerpt":{"rendered":"<p>[vc_row css_animation=\u00a0\u00bb\u00a0\u00bb row_type=\u00a0\u00bbrow\u00a0\u00bb use_row_as_full_screen_section=\u00a0\u00bbno\u00a0\u00bb type=\u00a0\u00bbgrid\u00a0\u00bb anchor=\u00a0\u00bbportfolio\u00a0\u00bb angled_section=\u00a0\u00bbno\u00a0\u00bb text_align=\u00a0\u00bbleft\u00a0\u00bb background_image_as_pattern=\u00a0\u00bbwithout_pattern\u00a0\u00bb background_color=\u00a0\u00bb#f8f8f8&Prime; padding_top=\u00a0\u00bb40&Prime; padding_bottom=\u00a0\u00bb40&Prime; z_index=\u00a0\u00bb\u00a0\u00bb][vc_column width=\u00a0\u00bb1\/2&Prime;][vc_single_image image=\u00a0\u00bb16340&Prime; img_size=\u00a0\u00bbfull\u00a0\u00bb alignment=\u00a0\u00bbcenter\u00a0\u00bb qode_css_animation=\u00a0\u00bbelement_from_bottom\u00a0\u00bb transition_delay=\u00a0\u00bb0.5&Prime; css=\u00a0\u00bb.vc_custom_1611618676880{margin-top: -20px !important;}\u00a0\u00bb][\/vc_column][vc_column width=\u00a0\u00bb1\/2&Prime;][vc_empty_space][vc_column_text] Therefore et uniFLOW [\/vc_column_text][vc_separator type=\u00a0\u00bbtransparent\u00a0\u00bb up=\u00a0\u00bb12&Prime; down=\u00a0\u00bb0&Prime;][vc_column_text]Aujourd&rsquo;hui plus que jamais, les entreprises doivent donner \u00e0 leurs \u00e9quipes les moyens d&rsquo;\u00eatre productives, de&#8230;<\/p>\n","protected":false},"author":1,"featured_media":0,"parent":15042,"menu_order":0,"comment_status":"closed","ping_status":"closed","template":"full_width.php","meta":{"footnotes":""},"class_list":["post-16448","page","type-page","status-publish","hentry"],"_links":{"self":[{"href":"http:\/\/www.tetedefense.fr\/index.php\/wp-json\/wp\/v2\/pages\/16448","targetHints":{"allow":["GET"]}}],"collection":[{"href":"http:\/\/www.tetedefense.fr\/index.php\/wp-json\/wp\/v2\/pages"}],"about":[{"href":"http:\/\/www.tetedefense.fr\/index.php\/wp-json\/wp\/v2\/types\/page"}],"author":[{"embeddable":true,"href":"http:\/\/www.tetedefense.fr\/index.php\/wp-json\/wp\/v2\/users\/1"}],"replies":[{"embeddable":true,"href":"http:\/\/www.tetedefense.fr\/index.php\/wp-json\/wp\/v2\/comments?post=16448"}],"version-history":[{"count":1,"href":"http:\/\/www.tetedefense.fr\/index.php\/wp-json\/wp\/v2\/pages\/16448\/revisions"}],"predecessor-version":[{"id":16449,"href":"http:\/\/www.tetedefense.fr\/index.php\/wp-json\/wp\/v2\/pages\/16448\/revisions\/16449"}],"up":[{"embeddable":true,"href":"http:\/\/www.tetedefense.fr\/index.php\/wp-json\/wp\/v2\/pages\/15042"}],"wp:attachment":[{"href":"http:\/\/www.tetedefense.fr\/index.php\/wp-json\/wp\/v2\/media?parent=16448"}],"curies":[{"name":"wp","href":"https:\/\/api.w.org\/{rel}","templated":true}]}}