{"id":1815,"date":"2021-01-16T10:00:34","date_gmt":"2021-01-16T09:00:34","guid":{"rendered":"http:\/\/demo.qodeinteractive.com\/bridge9\/?page_id=1815"},"modified":"2025-01-08T10:38:38","modified_gmt":"2025-01-08T09:38:38","slug":"actualite","status":"publish","type":"page","link":"http:\/\/www.tetedefense.fr\/index.php\/actualite\/","title":{"rendered":"Actualit\u00e9"},"content":{"rendered":"<p>[vc_row css_animation=\u00a0\u00bb\u00a0\u00bb row_type=\u00a0\u00bbrow\u00a0\u00bb use_row_as_full_screen_section=\u00a0\u00bbno\u00a0\u00bb type=\u00a0\u00bbfull_width\u00a0\u00bb angled_section=\u00a0\u00bbno\u00a0\u00bb text_align=\u00a0\u00bbleft\u00a0\u00bb background_image_as_pattern=\u00a0\u00bbwithout_pattern\u00a0\u00bb][vc_column]<div class='q_masonry_blog'><div class=\"q_masonry_blog_grid_sizer\"><\/div><div class=\"q_masonry_blog_grid_gutter\"><\/div><article  class='post-16604 post type-post status-publish format-standard has-post-thumbnail hentry category-offre-demploi '><div class=\"q_masonry_blog_post_image\"><a itemprop=\"url\" href=\"http:\/\/www.tetedefense.fr\/index.php\/2025\/06\/02\/offre-emploi-tete-defense2025\/\" target=\"_self\"><img decoding=\"async\" itemprop=\"image\" src=\"http:\/\/www.tetedefense.fr\/wp-content\/uploads\/2025\/06\/Offre-demploi-2.png\" \/><\/a><\/div><div class=\"q_masonry_blog_post_text\"><h5 itemprop=\"name\" class=\"q_masonry_blog_title entry_title\"><a itemprop=\"url\" href=\"http:\/\/www.tetedefense.fr\/index.php\/2025\/06\/02\/offre-emploi-tete-defense2025\/\">Offre d&#8217;emploi &#8211; Consultant technique informatique<\/a><\/h5><p itemprop=\"description\" class=\"q_masonry_blog_excerpt\">CDI &#8211; Prise de poste imm\u00e9diate &#8211; Bas\u00e9 \u00e0 Puteaux (92) T\u00eate D\u00e9fense recrute ! Vous \u00eates passionn\u00e9(e) par les nouvelles technologies, le cloud, les syst\u00e8mes connect\u00e9s et vous aimez travailler dans une entreprise \u00e0 taille humaine qui valorise le bien-\u00eatre au travail ? Rejoignez-nous......<\/p><div class=\"q_masonry_blog_post_info\"><span itemprop=\"dateCreated\" class=\"time entry_date updated\">02 juin, 2025<meta itemprop=\"interactionCount\" content=\"UserComments: <?php echo get_comments_number(qode_get_page_id()); ?>\"\/><\/span> \/ <a itemprop=\"url\" class=\"post_comments\" href=\"http:\/\/www.tetedefense.fr\/index.php\/2025\/06\/02\/offre-emploi-tete-defense2025\/#respond\">No comment<\/a><\/div><\/div><\/article><article  class='post-16585 post type-post status-publish format-standard has-post-thumbnail hentry category-logiciel tag-gestion-electronique-de-document tag-logiciel tag-ressource-humaine tag-therefore '><div class=\"q_masonry_blog_post_image\"><a itemprop=\"url\" href=\"http:\/\/www.tetedefense.fr\/index.php\/2025\/05\/13\/focus-sur-la-ged-rh\/\" target=\"_self\"><img decoding=\"async\" itemprop=\"image\" src=\"http:\/\/www.tetedefense.fr\/wp-content\/uploads\/2025\/05\/Focus-GED-RH-e1747129764291.jpg\" \/><\/a><\/div><div class=\"q_masonry_blog_post_text\"><h5 itemprop=\"name\" class=\"q_masonry_blog_title entry_title\"><a itemprop=\"url\" href=\"http:\/\/www.tetedefense.fr\/index.php\/2025\/05\/13\/focus-sur-la-ged-rh\/\">Focus sur la GED RH<\/a><\/h5><p itemprop=\"description\" class=\"q_masonry_blog_excerpt\">Aujourd&rsquo;hui la Gestion Electronique de Document (GED) est entr\u00e9e dans nos soci\u00e9t\u00e9s et nous ne saurions plus nous en passer. Fini les classeurs papiers, les rayons d&rsquo;archivage et les heures de scan ou de photocopie pour transmettre un document \u00e0 une personne ou un service,......<\/p><div class=\"q_masonry_blog_post_info\"><span itemprop=\"dateCreated\" class=\"time entry_date updated\">13 mai, 2025<meta itemprop=\"interactionCount\" content=\"UserComments: <?php echo get_comments_number(qode_get_page_id()); ?>\"\/><\/span> \/ <a itemprop=\"url\" class=\"post_comments\" href=\"http:\/\/www.tetedefense.fr\/index.php\/2025\/05\/13\/focus-sur-la-ged-rh\/#respond\">No comment<\/a><\/div><\/div><\/article><article  class='post-16545 post type-post status-publish format-standard has-post-thumbnail hentry category-mecenat '><div class=\"q_masonry_blog_post_image\"><a itemprop=\"url\" href=\"http:\/\/www.tetedefense.fr\/index.php\/2025\/01\/02\/mecenat-levallois-sporting-club\/\" target=\"_self\"><img decoding=\"async\" itemprop=\"image\" src=\"http:\/\/www.tetedefense.fr\/wp-content\/uploads\/2025\/01\/LSC-JPEG-petite.png\" \/><\/a><\/div><div class=\"q_masonry_blog_post_text\"><h5 itemprop=\"name\" class=\"q_masonry_blog_title entry_title\"><a itemprop=\"url\" href=\"http:\/\/www.tetedefense.fr\/index.php\/2025\/01\/02\/mecenat-levallois-sporting-club\/\">M\u00e9c\u00e9nat 2025 &#8211; Levallois Sporting Club<\/a><\/h5><p itemprop=\"description\" class=\"q_masonry_blog_excerpt\">Si je vous \u00e9num\u00e8re les noms de Maxence Alleno, Yannick Borel, Thomas Bouvais, Robert Citerne, L\u00e9a Labrousse, Jason Grandry vous devinez&nbsp;?...<\/p><div class=\"q_masonry_blog_post_info\"><span itemprop=\"dateCreated\" class=\"time entry_date updated\">02 janvier, 2025<meta itemprop=\"interactionCount\" content=\"UserComments: <?php echo get_comments_number(qode_get_page_id()); ?>\"\/><\/span> \/ <a itemprop=\"url\" class=\"post_comments\" href=\"http:\/\/www.tetedefense.fr\/index.php\/2025\/01\/02\/mecenat-levallois-sporting-club\/#respond\">No comment<\/a><\/div><\/div><\/article><article  class='post-16533 post type-post status-publish format-standard has-post-thumbnail hentry category-mecenat '><div class=\"q_masonry_blog_post_image\"><a itemprop=\"url\" href=\"http:\/\/www.tetedefense.fr\/index.php\/2023\/11\/06\/mecenat-aviation-sans-frontiere\/\" target=\"_self\"><img decoding=\"async\" itemprop=\"image\" src=\"http:\/\/www.tetedefense.fr\/wp-content\/uploads\/2023\/11\/ASF-2.jpg\" \/><\/a><\/div><div class=\"q_masonry_blog_post_text\"><h5 itemprop=\"name\" class=\"q_masonry_blog_title entry_title\"><a itemprop=\"url\" href=\"http:\/\/www.tetedefense.fr\/index.php\/2023\/11\/06\/mecenat-aviation-sans-frontiere\/\">M\u00e9c\u00e9nat &#8211; Aviation Sans Fronti\u00e8re<\/a><\/h5><p itemprop=\"description\" class=\"q_masonry_blog_excerpt\">Depuis novembre 2023, nous soutenons l\u2019Association Aviation Sans Fronti\u00e8re, une belle association que nous souhaitons mettre en lumi\u00e8re....<\/p><div class=\"q_masonry_blog_post_info\"><span itemprop=\"dateCreated\" class=\"time entry_date updated\">06 novembre, 2023<meta itemprop=\"interactionCount\" content=\"UserComments: <?php echo get_comments_number(qode_get_page_id()); ?>\"\/><\/span> \/ <a itemprop=\"url\" class=\"post_comments\" href=\"http:\/\/www.tetedefense.fr\/index.php\/2023\/11\/06\/mecenat-aviation-sans-frontiere\/#respond\">No comment<\/a><\/div><\/div><\/article><article  class='post-16477 post type-post status-publish format-standard has-post-thumbnail hentry category-logiciel tag-gestion-electronique-de-document tag-logiciel tag-therefore '><div class=\"q_masonry_blog_post_image\"><a itemprop=\"url\" href=\"http:\/\/www.tetedefense.fr\/index.php\/2021\/02\/19\/therefore-ou-le-passage-au-tout-dematerialise\/\" target=\"_self\"><img decoding=\"async\" itemprop=\"image\" src=\"http:\/\/www.tetedefense.fr\/wp-content\/uploads\/2021\/02\/Therefore_actu.jpg\" \/><\/a><\/div><div class=\"q_masonry_blog_post_text\"><h5 itemprop=\"name\" class=\"q_masonry_blog_title entry_title\"><a itemprop=\"url\" href=\"http:\/\/www.tetedefense.fr\/index.php\/2021\/02\/19\/therefore-ou-le-passage-au-tout-dematerialise\/\">THEREFORE OU LE PASSAGE AU TOUT DEMATERIALISE<\/a><\/h5><p itemprop=\"description\" class=\"q_masonry_blog_excerpt\">R\u00e9duire sa production de d\u00e9chets, augmenter se productivit\u00e9 et passer \u00e0 l'archivage d\u00e9mat\u00e9rialis\u00e9e, bienvenue dans Therefore !...<\/p><div class=\"q_masonry_blog_post_info\"><span itemprop=\"dateCreated\" class=\"time entry_date updated\">19 f\u00e9vrier, 2021<meta itemprop=\"interactionCount\" content=\"UserComments: <?php echo get_comments_number(qode_get_page_id()); ?>\"\/><\/span> \/ <a itemprop=\"url\" class=\"post_comments\" href=\"http:\/\/www.tetedefense.fr\/index.php\/2021\/02\/19\/therefore-ou-le-passage-au-tout-dematerialise\/#respond\">No comment<\/a><\/div><\/div><\/article><\/div>[\/vc_column][\/vc_row]<\/p>\n","protected":false},"excerpt":{"rendered":"<p>[vc_row css_animation=\u00a0\u00bb\u00a0\u00bb row_type=\u00a0\u00bbrow\u00a0\u00bb use_row_as_full_screen_section=\u00a0\u00bbno\u00a0\u00bb type=\u00a0\u00bbfull_width\u00a0\u00bb angled_section=\u00a0\u00bbno\u00a0\u00bb text_align=\u00a0\u00bbleft\u00a0\u00bb background_image_as_pattern=\u00a0\u00bbwithout_pattern\u00a0\u00bb][vc_column][\/vc_column][\/vc_row]<\/p>\n","protected":false},"author":1,"featured_media":0,"parent":0,"menu_order":0,"comment_status":"open","ping_status":"closed","template":"","meta":{"footnotes":""},"class_list":["post-1815","page","type-page","status-publish","hentry"],"_links":{"self":[{"href":"http:\/\/www.tetedefense.fr\/index.php\/wp-json\/wp\/v2\/pages\/1815","targetHints":{"allow":["GET"]}}],"collection":[{"href":"http:\/\/www.tetedefense.fr\/index.php\/wp-json\/wp\/v2\/pages"}],"about":[{"href":"http:\/\/www.tetedefense.fr\/index.php\/wp-json\/wp\/v2\/types\/page"}],"author":[{"embeddable":true,"href":"http:\/\/www.tetedefense.fr\/index.php\/wp-json\/wp\/v2\/users\/1"}],"replies":[{"embeddable":true,"href":"http:\/\/www.tetedefense.fr\/index.php\/wp-json\/wp\/v2\/comments?post=1815"}],"version-history":[{"count":8,"href":"http:\/\/www.tetedefense.fr\/index.php\/wp-json\/wp\/v2\/pages\/1815\/revisions"}],"predecessor-version":[{"id":16583,"href":"http:\/\/www.tetedefense.fr\/index.php\/wp-json\/wp\/v2\/pages\/1815\/revisions\/16583"}],"wp:attachment":[{"href":"http:\/\/www.tetedefense.fr\/index.php\/wp-json\/wp\/v2\/media?parent=1815"}],"curies":[{"name":"wp","href":"https:\/\/api.w.org\/{rel}","templated":true}]}}